{"id":1467,"date":"2023-02-18T10:02:50","date_gmt":"2023-02-18T08:02:50","guid":{"rendered":"https:\/\/maanomistajainliitto.fi\/jasenyys\/"},"modified":"2025-04-03T15:44:00","modified_gmt":"2025-04-03T12:44:00","slug":"medlemskap","status":"publish","type":"page","link":"https:\/\/maanomistajainliitto.fi\/sv\/medlemskap\/","title":{"rendered":"Medlemskap"},"content":{"rendered":"<section class=\"l-section wpb_row height_auto with_img\"><div class=\"l-section-img\" role=\"img\" data-img-width=\"1920\" data-img-height=\"1080\" style=\"background-image: url(https:\/\/maanomistajainliitto.fi\/wp-content\/uploads\/2023\/03\/kurtturuusu.jpg);background-position: top center;background-repeat: no-repeat;\"><\/div><div class=\"l-section-h i-cf\"><div class=\"g-cols vc_row via_flex valign_top type_default stacking_default\"><div class=\"vc_col-sm-12 wpb_column vc_column_container\"><div class=\"vc_column-inner\"><div class=\"wpb_wrapper\"><div class=\"w-separator size_custom\" style=\"height:400px\"><\/div><\/div><\/div><\/div><\/div><\/div><\/section><section class=\"l-section wpb_row height_medium\"><div class=\"l-section-h i-cf\"><div class=\"g-cols vc_row via_flex valign_top type_default stacking_default\"><div class=\"vc_col-sm-12 vc_col-lg-9 vc_col-md-9 wpb_column vc_column_container\"><div class=\"vc_column-inner\"><div class=\"wpb_wrapper\"><h1 class=\"w-text\"><span class=\"w-text-h\"><span class=\"w-text-value\">Medlemskap<\/span><\/span><\/h1><div class=\"wpb_text_column\"><div class=\"wpb_wrapper\"><p><strong>Vem som helst som \u00e4ger mark<\/strong>, privatpersoner och organisationer, kan bli medlem i Jord\u00e4garnas f\u00f6rbund. Alla organisationer som vill st\u00f6dja v\u00e5r verksamhet kan bli organisationsmedlemmar.<\/p>\n<\/div><\/div><div class=\"w-separator size_small\"><\/div><div class=\"w-btn-wrapper align_none\"><a class=\"w-btn us-btn-style_1\" href=\"https:\/\/www.flomembers.com\/maanomistajain-liitto\/members\/application?_lang=fi \"><span class=\"w-btn-label\">Bli medlem<\/span><\/a><\/div><div class=\"w-btn-wrapper align_none\"><a class=\"w-btn us-btn-style_6 icon_atleft\" href=\"\/wp-content\/uploads\/2023\/02\/MOLJFsaannot2021.pdf\"><i class=\"fas fa-download\"><\/i><span class=\"w-btn-label\">Liiton s\u00e4\u00e4nn\u00f6t<\/span><\/a><\/div><\/div><\/div><\/div><div class=\"vc_col-sm-3 vc_hidden-sm vc_hidden-xs wpb_column vc_column_container\"><div class=\"vc_column-inner\"><div class=\"wpb_wrapper\"><\/div><\/div><\/div><\/div><\/div><\/section><section class=\"l-section wpb_row us_custom_e08dc55c height_medium color_alternate\"><div class=\"l-section-h i-cf\"><div class=\"g-cols vc_row via_flex valign_top type_default stacking_default\"><div class=\"vc_col-sm-2 vc_hidden-sm vc_hidden-xs wpb_column vc_column_container\"><div class=\"vc_column-inner\"><div class=\"wpb_wrapper\"><\/div><\/div><\/div><div class=\"vc_col-sm-12 vc_col-lg-8 vc_col-md-8 wpb_column vc_column_container\"><div class=\"vc_column-inner\"><div class=\"wpb_wrapper\"><h2 class=\"w-text\"><span class=\"w-text-h\"><span class=\"w-text-value\">Jord\u00e4garnas f\u00f6rbunds medlemsf\u00f6rm\u00e5ner<\/span><\/span><\/h2><div class=\"wpb_text_column\"><div class=\"wpb_wrapper\"><ul>\n<li>Kostnadsfri r\u00e5dgivning i fr\u00e5gor kring mark\u00e4gande. Uppdrag som g\u00e4ller till exempel mer omfattande juridiska \u00e4renden eller planl\u00e4ggningsfr\u00e5gor h\u00e4nvisas till yrkespersoner med gedigen kompetens om mark\u00e4gande.<\/li>\n<li>Tidskriften Maanomistaja tv\u00e5 g\u00e5nger om \u00e5ret.<\/li>\n<li>Utflykter och utbildningar.<\/li>\n<li>Synlighet och strategiskt samarbete f\u00f6r organisationsmedlemmar.<\/li>\n<li>Medlemsavgiften \u00e4r avdragsgill i beskattningen av jord- eller skogsbruksfastigheten.<\/li>\n<li><span><strong>Se medlemsf\u00f6rm\u00e5nerna som erbjuds av olika f\u00f6retag nedan<\/strong><\/span><\/li>\n<\/ul>\n<\/div><\/div><\/div><\/div><\/div><div class=\"vc_col-sm-2 vc_hidden-sm vc_hidden-xs wpb_column vc_column_container\"><div class=\"vc_column-inner\"><div class=\"wpb_wrapper\"><\/div><\/div><\/div><\/div><\/div><\/section><section class=\"l-section wpb_row us_custom_d8fc544e height_small color_secondary\"><div class=\"l-section-h i-cf\"><div class=\"g-cols vc_row via_flex valign_top type_default stacking_default\"><div class=\"vc_col-sm-2 vc_hidden-xs wpb_column vc_column_container\"><div class=\"vc_column-inner\"><div class=\"wpb_wrapper\"><div class=\"w-image align_none\"><div class=\"w-image-h\"><img decoding=\"async\" width=\"512\" height=\"512\" src=\"https:\/\/maanomistajainliitto.fi\/wp-content\/uploads\/2023\/02\/fav-maanomistajainliitto.png\" class=\"attachment-large size-large\" alt=\"\" loading=\"lazy\" srcset=\"https:\/\/maanomistajainliitto.fi\/wp-content\/uploads\/2023\/02\/fav-maanomistajainliitto.png 512w, https:\/\/maanomistajainliitto.fi\/wp-content\/uploads\/2023\/02\/fav-maanomistajainliitto-300x300.png 300w, https:\/\/maanomistajainliitto.fi\/wp-content\/uploads\/2023\/02\/fav-maanomistajainliitto-150x150.png 150w\" sizes=\"(max-width: 512px) 100vw, 512px\" \/><\/div><\/div><\/div><\/div><\/div><div class=\"vc_col-sm-10 wpb_column vc_column_container\"><div class=\"vc_column-inner\"><div class=\"wpb_wrapper\"><h3 class=\"w-text\"><span class=\"w-text-h\"><span class=\"w-text-value\">Bli medlem i Jord\u00e4garnas f\u00f6rbund!<\/span><\/span><\/h3><div class=\"wpb_text_column\"><div class=\"wpb_wrapper\"><p>Medlemsavgiften best\u00e4ms enligt storleken p\u00e5 markegendomen, fr\u00e5n 50 EUR\/\u00e5r.<\/p>\n<\/div><\/div><div class=\"w-separator size_small\"><\/div><div class=\"w-btn-wrapper align_none\"><a class=\"w-btn us-btn-style_5\" href=\"https:\/\/www.flomembers.com\/maanomistajain-liitto\/members\/application?_lang=fi \"><span class=\"w-btn-label\">Bli medlem<\/span><\/a><\/div><\/div><\/div><\/div><\/div><\/div><\/section><section class=\"l-section wpb_row height_small\" id=\"jasenedut\"><div class=\"l-section-h i-cf\"><div class=\"g-cols vc_row via_flex valign_top type_default stacking_default\"><div class=\"vc_col-sm-12 wpb_column vc_column_container\"><div class=\"vc_column-inner\"><div class=\"wpb_wrapper\"><div class=\"wpb_text_column\"><div class=\"wpb_wrapper\"><h4 style=\"text-align: center;\">Fr\u00e5n medlem till medlem-f\u00f6rm\u00e5ner<\/h4>\n<\/div><\/div><div class=\"w-separator size_medium with_line width_default thick_1 style_solid color_border align_center\"><div class=\"w-separator-h\"><\/div><\/div><div class=\"g-cols wpb_row via_flex valign_top type_default stacking_default\"><div class=\"vc_col-sm-4 wpb_column vc_column_container\"><div class=\"vc_column-inner\"><div class=\"wpb_wrapper\"><div class=\"w-image align_none\"><a target=\"_blank\" rel=\"nofollow\" href=\"https:\/\/riistasiemen.fi\/\" aria-label=\"malmgard-riistasiemen\" class=\"w-image-h\"><img decoding=\"async\" width=\"500\" height=\"146\" src=\"https:\/\/maanomistajainliitto.fi\/wp-content\/uploads\/2023\/03\/malmgard-riistasiemen.jpg\" class=\"attachment-large size-large\" alt=\"\" loading=\"lazy\" srcset=\"https:\/\/maanomistajainliitto.fi\/wp-content\/uploads\/2023\/03\/malmgard-riistasiemen.jpg 500w, https:\/\/maanomistajainliitto.fi\/wp-content\/uploads\/2023\/03\/malmgard-riistasiemen-300x88.jpg 300w\" sizes=\"(max-width: 500px) 100vw, 500px\" \/><\/a><\/div><div class=\"w-separator size_small\"><\/div><div class=\"wpb_text_column\"><div class=\"wpb_wrapper\"><p style=\"text-align: center;\">Medlemmarna i Jord\u00e4garnas f\u00f6rbund f\u00e5r 20 % rabatt i v\u00e5r webbutik med koden MOL20 <a href=\"https:\/\/riistasiemen.fi\/\"><strong>www.riistasiemen.fi<\/strong><\/a><\/p>\n<\/div><\/div><\/div><\/div><\/div><div class=\"vc_col-sm-4 wpb_column vc_column_container\"><div class=\"vc_column-inner\"><div class=\"wpb_wrapper\"><div class=\"w-image align_none\"><a target=\"_blank\" rel=\"nofollow\" href=\"https:\/\/www.tilanhoitajat.fi\/fi\/\/\" aria-label=\"tilanhoitajat\" class=\"w-image-h\"><img decoding=\"async\" width=\"500\" height=\"146\" src=\"https:\/\/maanomistajainliitto.fi\/wp-content\/uploads\/2023\/02\/tilanhoitajat.png\" class=\"attachment-large size-large\" alt=\"\" loading=\"lazy\" srcset=\"https:\/\/maanomistajainliitto.fi\/wp-content\/uploads\/2023\/02\/tilanhoitajat.png 500w, https:\/\/maanomistajainliitto.fi\/wp-content\/uploads\/2023\/02\/tilanhoitajat-300x88.png 300w\" sizes=\"(max-width: 500px) 100vw, 500px\" \/><\/a><\/div><div class=\"w-separator size_small\"><\/div><div class=\"wpb_text_column\"><div class=\"wpb_wrapper\"><p style=\"text-align: center;\">Gratis g\u00e5rdsbes\u00f6k f\u00f6r medlemmarna i Jord\u00e4garnas f\u00f6rbund. Best\u00e4ll:<a href=\"https:\/\/www.tilanhoitajat.fi\/fi\/\"><strong>www.tilanhoitajat.fi<\/strong><\/a><\/p>\n<\/div><\/div><\/div><\/div><\/div><div class=\"vc_col-sm-4 wpb_column vc_column_container\"><div class=\"vc_column-inner\"><div class=\"wpb_wrapper\"><div class=\"w-image align_none\"><div class=\"w-image-h\"><img decoding=\"async\" width=\"290\" height=\"89\" src=\"https:\/\/maanomistajainliitto.fi\/wp-content\/uploads\/2024\/03\/logo-arvolex-vaaka-slogan-web.png\" class=\"attachment-large size-large\" alt=\"\" loading=\"lazy\" \/><\/div><\/div><div class=\"w-separator size_small\"><\/div><div class=\"wpb_text_column\"><div class=\"wpb_wrapper\"><p style=\"text-align: center;\">10 % rabatt p\u00e5 tidsbaserat arvode, om f\u00f6rs\u00e4kringen eller motparten inte ers\u00e4tter fakturan. Mer information finns <a href=\"https:\/\/maanomistajainliitto.fi\/wp-content\/uploads\/2023\/11\/Maanomistajain-Liiton-jasenedut-2023.pdf\">h\u00e4r<\/a>.<\/p>\n<\/div><\/div><\/div><\/div><\/div><\/div><div class=\"w-separator size_small with_line width_default thick_1 style_solid color_border align_center\"><div class=\"w-separator-h\"><\/div><\/div><div class=\"g-cols wpb_row via_flex valign_bottom type_default stacking_default\"><div class=\"vc_col-sm-4 wpb_column vc_column_container\"><div class=\"vc_column-inner\"><div class=\"wpb_wrapper\"><div class=\"w-image align_none\"><a target=\"_blank\" rel=\"nofollow\" href=\"http:\/\/www.hanslangh.fi\" aria-label=\"LAnghkuva1024_1\" class=\"w-image-h\"><img decoding=\"async\" width=\"300\" height=\"48\" src=\"https:\/\/maanomistajainliitto.fi\/wp-content\/uploads\/2023\/04\/LAnghkuva1024_1-300x48.jpg\" class=\"attachment-medium size-medium\" alt=\"\" loading=\"lazy\" srcset=\"https:\/\/maanomistajainliitto.fi\/wp-content\/uploads\/2023\/04\/LAnghkuva1024_1-300x48.jpg 300w, https:\/\/maanomistajainliitto.fi\/wp-content\/uploads\/2023\/04\/LAnghkuva1024_1.jpg 1024w\" sizes=\"(max-width: 300px) 100vw, 300px\" \/><\/a><\/div><div class=\"w-separator size_small\"><\/div><div class=\"wpb_text_column\"><div class=\"wpb_wrapper\"><p style=\"text-align: center;\">20 % rabatt p\u00e5 till medlemmarna i Jord\u00e4garnas f\u00f6rbund f\u00f6r h\u00f6gtrycksdammsugning och -tv\u00e4tt. Mer information finns <a href=\"http:\/\/www.hanslangh.fi\">h\u00e4r<\/a>.<\/p>\n<\/div><\/div><\/div><\/div><\/div><div class=\"vc_col-sm-4 wpb_column vc_column_container\"><div class=\"vc_column-inner\"><div class=\"wpb_wrapper\"><\/div><\/div><\/div><div class=\"vc_col-sm-4 wpb_column vc_column_container\"><div class=\"vc_column-inner\"><div class=\"wpb_wrapper\"><\/div><\/div><\/div><\/div><div class=\"w-separator size_small with_line width_default thick_1 style_solid color_border align_center\"><div class=\"w-separator-h\"><\/div><\/div><\/div><\/div><\/div><\/div><\/div><\/section><section class=\"l-section wpb_row height_small\" id=\"jasenedut\"><div class=\"l-section-h i-cf\"><div class=\"g-cols vc_row via_flex valign_top type_default stacking_default\"><div class=\"vc_col-sm-12 wpb_column vc_column_container\"><div class=\"vc_column-inner\"><div class=\"wpb_wrapper\"><div class=\"wpb_text_column\"><div class=\"wpb_wrapper\"><h4 style=\"text-align: center;\">Partnerorganisationer<\/h4>\n<\/div><\/div><div class=\"w-separator size_medium with_line width_default thick_1 style_solid color_border align_center\"><div class=\"w-separator-h\"><\/div><\/div><div class=\"g-cols wpb_row via_flex valign_top type_default stacking_default\"><div class=\"vc_col-sm-4 wpb_column vc_column_container\"><div class=\"vc_column-inner\"><div class=\"wpb_wrapper\"><div class=\"w-image align_none\"><a target=\"_blank\" rel=\"nofollow\" href=\"https:\/\/riistasiemen.fi\/\" aria-label=\"Etamol_logo ilman taustaa (002)\" class=\"w-image-h\"><img decoding=\"async\" width=\"565\" height=\"591\" src=\"https:\/\/maanomistajainliitto.fi\/wp-content\/uploads\/2024\/05\/Etamol_logo-ilman-taustaa-002.png\" class=\"attachment-large size-large\" alt=\"\" loading=\"lazy\" srcset=\"https:\/\/maanomistajainliitto.fi\/wp-content\/uploads\/2024\/05\/Etamol_logo-ilman-taustaa-002.png 565w, https:\/\/maanomistajainliitto.fi\/wp-content\/uploads\/2024\/05\/Etamol_logo-ilman-taustaa-002-287x300.png 287w\" sizes=\"(max-width: 565px) 100vw, 565px\" \/><\/a><\/div><div class=\"w-separator size_small\"><\/div><\/div><\/div><\/div><div class=\"vc_col-sm-4 wpb_column vc_column_container\"><div class=\"vc_column-inner\"><div class=\"wpb_wrapper\"><div class=\"w-separator size_small\"><\/div><div class=\"w-separator size_large\"><\/div><div class=\"w-separator size_large\"><\/div><div class=\"w-image align_none\"><a target=\"_blank\" rel=\"nofollow\" href=\"https:\/\/www.tilanhoitajat.fi\/fi\/\/\" aria-label=\"Hiilensidonta-ry-logo-RGB (002)\" class=\"w-image-h\"><img decoding=\"async\" width=\"338\" height=\"110\" src=\"https:\/\/maanomistajainliitto.fi\/wp-content\/uploads\/2024\/05\/Hiilensidonta-ry-logo-RGB-002.png\" class=\"attachment-large size-large\" alt=\"\" loading=\"lazy\" srcset=\"https:\/\/maanomistajainliitto.fi\/wp-content\/uploads\/2024\/05\/Hiilensidonta-ry-logo-RGB-002.png 338w, https:\/\/maanomistajainliitto.fi\/wp-content\/uploads\/2024\/05\/Hiilensidonta-ry-logo-RGB-002-300x98.png 300w\" sizes=\"(max-width: 338px) 100vw, 338px\" \/><\/a><\/div><div class=\"w-separator size_small\"><\/div><\/div><\/div><\/div><div class=\"vc_col-sm-4 wpb_column vc_column_container\"><div class=\"vc_column-inner\"><div class=\"wpb_wrapper\"><div class=\"w-separator size_small\"><\/div><div class=\"w-image align_none\"><div class=\"w-image-h\"><img decoding=\"async\" width=\"761\" height=\"761\" src=\"https:\/\/maanomistajainliitto.fi\/wp-content\/uploads\/2024\/05\/Yhteismetsa_green-003.png\" class=\"attachment-large size-large\" alt=\"\" loading=\"lazy\" srcset=\"https:\/\/maanomistajainliitto.fi\/wp-content\/uploads\/2024\/05\/Yhteismetsa_green-003.png 761w, https:\/\/maanomistajainliitto.fi\/wp-content\/uploads\/2024\/05\/Yhteismetsa_green-003-300x300.png 300w, https:\/\/maanomistajainliitto.fi\/wp-content\/uploads\/2024\/05\/Yhteismetsa_green-003-150x150.png 150w\" sizes=\"(max-width: 761px) 100vw, 761px\" \/><\/div><\/div><div class=\"w-separator size_small\"><\/div><\/div><\/div><\/div><\/div><div class=\"g-cols wpb_row via_flex valign_top type_default stacking_default\"><div class=\"vc_col-sm-4 wpb_column vc_column_container\"><div class=\"vc_column-inner\"><div class=\"wpb_wrapper\"><div class=\"wpb_text_column\"><div class=\"wpb_wrapper\"><p style=\"text-align: center;\"><strong>Et\u00e4mets\u00e4nomistajien Liitto ry<\/strong><\/p>\n<p style=\"text-align: center;\">Medlemmarna i organisationen f\u00e5r 50 % rabatt p\u00e5 den f\u00f6rsta medlemsavgiften n\u00e4r de g\u00e5r med i Jord\u00e4garnas f\u00f6rbund.<\/p>\n<\/div><\/div><\/div><\/div><\/div><div class=\"vc_col-sm-4 wpb_column vc_column_container\"><div class=\"vc_column-inner\"><div class=\"wpb_wrapper\"><div class=\"wpb_text_column\"><div class=\"wpb_wrapper\"><p style=\"text-align: center;\">Hiilensidonta ry<\/p>\n<\/div><\/div><\/div><\/div><\/div><div class=\"vc_col-sm-4 wpb_column vc_column_container\"><div class=\"vc_column-inner\"><div class=\"wpb_wrapper\"><div class=\"wpb_text_column\"><div class=\"wpb_wrapper\"><p style=\"text-align: center;\">Suomen Yhteismets\u00e4t ry<\/p>\n<\/div><\/div><\/div><\/div><\/div><\/div><\/div><\/div><\/div><\/div><\/div><\/section><section class=\"l-section wpb_row height_small\" id=\"jasenedut\"><div class=\"l-section-h i-cf\"><div class=\"g-cols vc_row via_flex valign_top type_default stacking_default\"><div class=\"vc_col-sm-12 wpb_column vc_column_container\"><div class=\"vc_column-inner\"><div class=\"wpb_wrapper\"><div class=\"wpb_text_column\"><div class=\"wpb_wrapper\"><h4 style=\"text-align: center;\">Partnerskapsf\u00f6retagen<\/h4>\n<\/div><\/div><div class=\"w-separator size_medium with_line width_default thick_1 style_solid color_border align_center\"><div class=\"w-separator-h\"><\/div><\/div><div class=\"g-cols wpb_row via_flex valign_top type_default stacking_default\"><div class=\"vc_col-sm-6 wpb_column vc_column_container\"><div class=\"vc_column-inner\"><div class=\"wpb_wrapper\"><div class=\"w-image align_none\"><div class=\"w-image-h\"><img decoding=\"async\" width=\"241\" height=\"300\" src=\"https:\/\/maanomistajainliitto.fi\/wp-content\/uploads\/2024\/08\/Metsa_Vertic_Logo_Color_CMYK__office-241x300.jpg\" class=\"attachment-medium size-medium\" alt=\"\" loading=\"lazy\" srcset=\"https:\/\/maanomistajainliitto.fi\/wp-content\/uploads\/2024\/08\/Metsa_Vertic_Logo_Color_CMYK__office-241x300.jpg 241w, https:\/\/maanomistajainliitto.fi\/wp-content\/uploads\/2024\/08\/Metsa_Vertic_Logo_Color_CMYK__office-824x1024.jpg 824w, https:\/\/maanomistajainliitto.fi\/wp-content\/uploads\/2024\/08\/Metsa_Vertic_Logo_Color_CMYK__office.jpg 972w\" sizes=\"(max-width: 241px) 100vw, 241px\" \/><\/div><\/div><\/div><\/div><\/div><div class=\"vc_col-sm-6 wpb_column vc_column_container\"><div class=\"vc_column-inner\"><div class=\"wpb_wrapper\"><div class=\"w-image align_none\"><div class=\"w-image-h\"><img decoding=\"async\" width=\"1024\" height=\"410\" src=\"https:\/\/maanomistajainliitto.fi\/wp-content\/uploads\/2024\/08\/SSM_logo_1500x600-2-1024x410.png\" class=\"attachment-large size-large\" alt=\"\" loading=\"lazy\" srcset=\"https:\/\/maanomistajainliitto.fi\/wp-content\/uploads\/2024\/08\/SSM_logo_1500x600-2-1024x410.png 1024w, https:\/\/maanomistajainliitto.fi\/wp-content\/uploads\/2024\/08\/SSM_logo_1500x600-2-300x120.png 300w, https:\/\/maanomistajainliitto.fi\/wp-content\/uploads\/2024\/08\/SSM_logo_1500x600-2.png 1500w\" sizes=\"(max-width: 1024px) 100vw, 1024px\" \/><\/div><\/div><\/div><\/div><\/div><\/div><\/div><\/div><\/div><\/div><\/div><\/section>\n","protected":false},"excerpt":{"rendered":"MedlemskapVem som helst som \u00e4ger mark, privatpersoner och organisationer, kan bli medlem i Jord\u00e4garnas f\u00f6rbund. Alla organisationer som vill st\u00f6dja v\u00e5r verksamhet kan bli organisationsmedlemmar. Bli medlemLiiton s\u00e4\u00e4nn\u00f6tJord\u00e4garnas f\u00f6rbunds medlemsf\u00f6rm\u00e5ner Kostnadsfri r\u00e5dgivning i fr\u00e5gor kring mark\u00e4gande. Uppdrag som g\u00e4ller till exempel mer omfattande juridiska \u00e4renden eller planl\u00e4ggningsfr\u00e5gor h\u00e4nvisas till yrkespersoner med gedigen kompetens om mark\u00e4gande....","protected":false},"author":1,"featured_media":1291,"parent":0,"menu_order":2,"comment_status":"closed","ping_status":"closed","template":"","meta":{"footnotes":""},"class_list":["post-1467","page","type-page","status-publish","has-post-thumbnail","hentry"],"yoast_head":"<!-- This site is optimized with the Yoast SEO plugin v25.0 - https:\/\/yoast.com\/wordpress\/plugins\/seo\/ -->\n<title>Medlemskap - Jord\u00e4garnas F\u00f6rbund<\/title>\n<meta name=\"description\" content=\"Vem som helst som \u00e4ger mark, privatpersoner och organisationer, kan bli medlem i Jord\u00e4garnas f\u00f6rbund.\" \/>\n<meta name=\"robots\" content=\"index, follow, max-snippet:-1, max-image-preview:large, max-video-preview:-1\" \/>\n<link rel=\"canonical\" href=\"https:\/\/maanomistajainliitto.fi\/sv\/medlemskap\/\" \/>\n<meta property=\"og:locale\" content=\"sv_SE\" \/>\n<meta property=\"og:type\" content=\"article\" \/>\n<meta property=\"og:title\" content=\"Medlemskap - Jord\u00e4garnas F\u00f6rbund\" \/>\n<meta property=\"og:description\" content=\"Vem som helst som \u00e4ger mark, privatpersoner och organisationer, kan bli medlem i Jord\u00e4garnas f\u00f6rbund.\" \/>\n<meta property=\"og:url\" content=\"https:\/\/maanomistajainliitto.fi\/sv\/medlemskap\/\" \/>\n<meta property=\"og:site_name\" content=\"Maanomistajain Liitto\" \/>\n<meta property=\"article:modified_time\" content=\"2025-04-03T12:44:00+00:00\" \/>\n<meta property=\"og:image\" content=\"https:\/\/maanomistajainliitto.fi\/wp-content\/uploads\/2023\/03\/kurtturuusu.jpg\" \/>\n\t<meta property=\"og:image:width\" content=\"1920\" \/>\n\t<meta property=\"og:image:height\" content=\"1080\" \/>\n\t<meta property=\"og:image:type\" content=\"image\/jpeg\" \/>\n<meta name=\"twitter:card\" content=\"summary_large_image\" \/>\n<meta name=\"twitter:label1\" content=\"Ber\u00e4knad l\u00e4stid\" \/>\n\t<meta name=\"twitter:data1\" content=\"3 minuter\" \/>\n<script type=\"application\/ld+json\" class=\"yoast-schema-graph\">{\"@context\":\"https:\/\/schema.org\",\"@graph\":[{\"@type\":\"WebPage\",\"@id\":\"https:\/\/maanomistajainliitto.fi\/sv\/medlemskap\/\",\"url\":\"https:\/\/maanomistajainliitto.fi\/sv\/medlemskap\/\",\"name\":\"Medlemskap - Jord\u00e4garnas F\u00f6rbund\",\"isPartOf\":{\"@id\":\"https:\/\/maanomistajainliitto.fi\/sv\/#website\"},\"primaryImageOfPage\":{\"@id\":\"https:\/\/maanomistajainliitto.fi\/sv\/medlemskap\/#primaryimage\"},\"image\":{\"@id\":\"https:\/\/maanomistajainliitto.fi\/sv\/medlemskap\/#primaryimage\"},\"thumbnailUrl\":\"https:\/\/maanomistajainliitto.fi\/wp-content\/uploads\/2023\/03\/kurtturuusu.jpg\",\"datePublished\":\"2023-02-18T08:02:50+00:00\",\"dateModified\":\"2025-04-03T12:44:00+00:00\",\"description\":\"Vem som helst som \u00e4ger mark, privatpersoner och organisationer, kan bli medlem i Jord\u00e4garnas f\u00f6rbund.\",\"breadcrumb\":{\"@id\":\"https:\/\/maanomistajainliitto.fi\/sv\/medlemskap\/#breadcrumb\"},\"inLanguage\":\"sv-SE\",\"potentialAction\":[{\"@type\":\"ReadAction\",\"target\":[\"https:\/\/maanomistajainliitto.fi\/sv\/medlemskap\/\"]}]},{\"@type\":\"ImageObject\",\"inLanguage\":\"sv-SE\",\"@id\":\"https:\/\/maanomistajainliitto.fi\/sv\/medlemskap\/#primaryimage\",\"url\":\"https:\/\/maanomistajainliitto.fi\/wp-content\/uploads\/2023\/03\/kurtturuusu.jpg\",\"contentUrl\":\"https:\/\/maanomistajainliitto.fi\/wp-content\/uploads\/2023\/03\/kurtturuusu.jpg\",\"width\":1920,\"height\":1080},{\"@type\":\"BreadcrumbList\",\"@id\":\"https:\/\/maanomistajainliitto.fi\/sv\/medlemskap\/#breadcrumb\",\"itemListElement\":[{\"@type\":\"ListItem\",\"position\":1,\"name\":\"Etusivu\",\"item\":\"https:\/\/maanomistajainliitto.fi\/sv\/\"},{\"@type\":\"ListItem\",\"position\":2,\"name\":\"Medlemskap\"}]},{\"@type\":\"WebSite\",\"@id\":\"https:\/\/maanomistajainliitto.fi\/sv\/#website\",\"url\":\"https:\/\/maanomistajainliitto.fi\/sv\/\",\"name\":\"Maanomistajain Liitto\",\"description\":\"Maanomistajien edunvalvonta- ja neuvontaj&auml;rjest&ouml;\",\"potentialAction\":[{\"@type\":\"SearchAction\",\"target\":{\"@type\":\"EntryPoint\",\"urlTemplate\":\"https:\/\/maanomistajainliitto.fi\/sv\/?s={search_term_string}\"},\"query-input\":{\"@type\":\"PropertyValueSpecification\",\"valueRequired\":true,\"valueName\":\"search_term_string\"}}],\"inLanguage\":\"sv-SE\"}]}<\/script>\n<!-- \/ Yoast SEO plugin. -->","yoast_head_json":{"title":"Medlemskap - Jord\u00e4garnas F\u00f6rbund","description":"Vem som helst som \u00e4ger mark, privatpersoner och organisationer, kan bli medlem i Jord\u00e4garnas f\u00f6rbund.","robots":{"index":"index","follow":"follow","max-snippet":"max-snippet:-1","max-image-preview":"max-image-preview:large","max-video-preview":"max-video-preview:-1"},"canonical":"https:\/\/maanomistajainliitto.fi\/sv\/medlemskap\/","og_locale":"sv_SE","og_type":"article","og_title":"Medlemskap - Jord\u00e4garnas F\u00f6rbund","og_description":"Vem som helst som \u00e4ger mark, privatpersoner och organisationer, kan bli medlem i Jord\u00e4garnas f\u00f6rbund.","og_url":"https:\/\/maanomistajainliitto.fi\/sv\/medlemskap\/","og_site_name":"Maanomistajain Liitto","article_modified_time":"2025-04-03T12:44:00+00:00","og_image":[{"width":1920,"height":1080,"url":"https:\/\/maanomistajainliitto.fi\/wp-content\/uploads\/2023\/03\/kurtturuusu.jpg","type":"image\/jpeg"}],"twitter_card":"summary_large_image","twitter_misc":{"Ber\u00e4knad l\u00e4stid":"3 minuter"},"schema":{"@context":"https:\/\/schema.org","@graph":[{"@type":"WebPage","@id":"https:\/\/maanomistajainliitto.fi\/sv\/medlemskap\/","url":"https:\/\/maanomistajainliitto.fi\/sv\/medlemskap\/","name":"Medlemskap - Jord\u00e4garnas F\u00f6rbund","isPartOf":{"@id":"https:\/\/maanomistajainliitto.fi\/sv\/#website"},"primaryImageOfPage":{"@id":"https:\/\/maanomistajainliitto.fi\/sv\/medlemskap\/#primaryimage"},"image":{"@id":"https:\/\/maanomistajainliitto.fi\/sv\/medlemskap\/#primaryimage"},"thumbnailUrl":"https:\/\/maanomistajainliitto.fi\/wp-content\/uploads\/2023\/03\/kurtturuusu.jpg","datePublished":"2023-02-18T08:02:50+00:00","dateModified":"2025-04-03T12:44:00+00:00","description":"Vem som helst som \u00e4ger mark, privatpersoner och organisationer, kan bli medlem i Jord\u00e4garnas f\u00f6rbund.","breadcrumb":{"@id":"https:\/\/maanomistajainliitto.fi\/sv\/medlemskap\/#breadcrumb"},"inLanguage":"sv-SE","potentialAction":[{"@type":"ReadAction","target":["https:\/\/maanomistajainliitto.fi\/sv\/medlemskap\/"]}]},{"@type":"ImageObject","inLanguage":"sv-SE","@id":"https:\/\/maanomistajainliitto.fi\/sv\/medlemskap\/#primaryimage","url":"https:\/\/maanomistajainliitto.fi\/wp-content\/uploads\/2023\/03\/kurtturuusu.jpg","contentUrl":"https:\/\/maanomistajainliitto.fi\/wp-content\/uploads\/2023\/03\/kurtturuusu.jpg","width":1920,"height":1080},{"@type":"BreadcrumbList","@id":"https:\/\/maanomistajainliitto.fi\/sv\/medlemskap\/#breadcrumb","itemListElement":[{"@type":"ListItem","position":1,"name":"Etusivu","item":"https:\/\/maanomistajainliitto.fi\/sv\/"},{"@type":"ListItem","position":2,"name":"Medlemskap"}]},{"@type":"WebSite","@id":"https:\/\/maanomistajainliitto.fi\/sv\/#website","url":"https:\/\/maanomistajainliitto.fi\/sv\/","name":"Maanomistajain Liitto","description":"Maanomistajien edunvalvonta- ja neuvontaj&auml;rjest&ouml;","potentialAction":[{"@type":"SearchAction","target":{"@type":"EntryPoint","urlTemplate":"https:\/\/maanomistajainliitto.fi\/sv\/?s={search_term_string}"},"query-input":{"@type":"PropertyValueSpecification","valueRequired":true,"valueName":"search_term_string"}}],"inLanguage":"sv-SE"}]}},"_links":{"self":[{"href":"https:\/\/maanomistajainliitto.fi\/sv\/wp-json\/wp\/v2\/pages\/1467"}],"collection":[{"href":"https:\/\/maanomistajainliitto.fi\/sv\/wp-json\/wp\/v2\/pages"}],"about":[{"href":"https:\/\/maanomistajainliitto.fi\/sv\/wp-json\/wp\/v2\/types\/page"}],"author":[{"embeddable":true,"href":"https:\/\/maanomistajainliitto.fi\/sv\/wp-json\/wp\/v2\/users\/1"}],"replies":[{"embeddable":true,"href":"https:\/\/maanomistajainliitto.fi\/sv\/wp-json\/wp\/v2\/comments?post=1467"}],"version-history":[{"count":4,"href":"https:\/\/maanomistajainliitto.fi\/sv\/wp-json\/wp\/v2\/pages\/1467\/revisions"}],"predecessor-version":[{"id":1804,"href":"https:\/\/maanomistajainliitto.fi\/sv\/wp-json\/wp\/v2\/pages\/1467\/revisions\/1804"}],"wp:featuredmedia":[{"embeddable":true,"href":"https:\/\/maanomistajainliitto.fi\/sv\/wp-json\/wp\/v2\/media\/1291"}],"wp:attachment":[{"href":"https:\/\/maanomistajainliitto.fi\/sv\/wp-json\/wp\/v2\/media?parent=1467"}],"curies":[{"name":"wp","href":"https:\/\/api.w.org\/{rel}","templated":true}]}}