{"id":1470,"date":"2023-02-18T16:01:22","date_gmt":"2023-02-18T14:01:22","guid":{"rendered":"https:\/\/maanomistajainliitto.fi\/organisaatio\/"},"modified":"2026-04-16T11:56:00","modified_gmt":"2026-04-16T08:56:00","slug":"organization","status":"publish","type":"page","link":"https:\/\/maanomistajainliitto.fi\/sv\/organization\/","title":{"rendered":"Organization"},"content":{"rendered":"<section class=\"l-section wpb_row height_auto with_img\"><div class=\"l-section-img\" role=\"img\" data-img-width=\"1920\" data-img-height=\"1080\" style=\"background-image: url(https:\/\/maanomistajainliitto.fi\/wp-content\/uploads\/2023\/03\/rypsipelto.jpg);background-position: center left;background-repeat: no-repeat;\"><\/div><div class=\"l-section-h i-cf\"><div class=\"g-cols vc_row via_flex valign_top type_default stacking_default\"><div class=\"vc_col-sm-12 wpb_column vc_column_container\"><div class=\"vc_column-inner\"><div class=\"wpb_wrapper\"><div class=\"w-separator size_custom\" style=\"height:400px\"><\/div><\/div><\/div><\/div><\/div><\/div><\/section><section class=\"l-section wpb_row height_medium\"><div class=\"l-section-h i-cf\"><div class=\"g-cols vc_row via_flex valign_top type_default stacking_default\"><div class=\"vc_col-sm-12 wpb_column vc_column_container\"><div class=\"vc_column-inner\"><div class=\"wpb_wrapper\"><div class=\"g-cols wpb_row via_flex valign_top type_default stacking_default\"><div class=\"vc_col-sm-12 vc_col-lg-9 vc_col-md-9 wpb_column vc_column_container\"><div class=\"vc_column-inner\"><div class=\"wpb_wrapper\"><h1 class=\"w-text\"><span class=\"w-text-h\"><span class=\"w-text-value\">Organization<\/span><\/span><\/h1><div class=\"wpb_text_column\"><div class=\"wpb_wrapper\"><p><strong>Jord\u00e4garnas f\u00f6rbunds uppgift<\/strong> \u00e4r att trygga och befr\u00e4mja mark\u00e4garnas intressen och ge medlemmarna r\u00e5dgivning. F\u00f6rbundet arbetar f\u00f6r att st\u00e4rka mark\u00e4gor\u00e4tten, f\u00f6rb\u00e4ttra de ekonomiska f\u00f6ruts\u00e4ttningarna f\u00f6r mark\u00e4gande och \u00f6ka mark\u00e4garnas beslutander\u00e4tt.<\/p>\n<\/div><\/div><\/div><\/div><\/div><div class=\"vc_col-sm-3 vc_hidden-sm vc_hidden-xs wpb_column vc_column_container\"><div class=\"vc_column-inner\"><div class=\"wpb_wrapper\"><\/div><\/div><\/div><\/div><div class=\"w-separator size_small\"><\/div><div class=\"w-hwrapper valign_top wrap align_left\" style=\"--hwrapper-gap:0.5rem\"><div class=\"w-btn-wrapper align_none\"><a class=\"w-btn us-btn-style_1\" href=\"#hallitus\"><span class=\"w-btn-label\">Regeringen<\/span><\/a><\/div><div class=\"w-btn-wrapper align_none\"><a class=\"w-btn us-btn-style_1\" href=\"#yhteistyo\"><span class=\"w-btn-label\">Internationellt samarbete<\/span><\/a><\/div><div class=\"w-btn-wrapper align_none\"><a class=\"w-btn us-btn-style_1\" href=\"#tyoryhmat\"><span class=\"w-btn-label\">Unga mark\u00e4gare<\/span><\/a><\/div><div class=\"w-btn-wrapper align_none\"><a class=\"w-btn us-btn-style_6\" href=\"https:\/\/www.flomembers.com\/maanomistajain-liitto\/members\/application?_lang=fi \"><span class=\"w-btn-label\">Bli medlem<\/span><\/a><\/div><\/div><\/div><\/div><\/div><\/div><\/div><\/section><section class=\"l-section wpb_row us_custom_e08dc55c height_medium color_alternate\" id=\"hallitus\"><div class=\"l-section-h i-cf\"><div class=\"g-cols vc_row via_flex valign_top type_default stacking_default\"><div class=\"vc_col-sm-12 vc_col-lg-6 vc_col-md-6 wpb_column vc_column_container\"><div class=\"vc_column-inner\"><div class=\"wpb_wrapper\"><h2 class=\"w-text\"><span class=\"w-text-h\"><span class=\"w-text-value\">Regeringen<\/span><\/span><\/h2><div class=\"g-cols wpb_row via_flex valign_top type_default stacking_default\"><div class=\"vc_col-sm-6 wpb_column vc_column_container\"><div class=\"vc_column-inner\"><div class=\"wpb_wrapper\"><div class=\"w-image us_custom_447bff20 align_none\"><div class=\"w-image-h\"><img decoding=\"async\" width=\"960\" height=\"980\" src=\"https:\/\/maanomistajainliitto.fi\/wp-content\/uploads\/2023\/02\/Puheenjohtaja-Sebastian-Sohlberg.jpg\" class=\"attachment-large size-large\" alt=\"\" loading=\"lazy\" srcset=\"https:\/\/maanomistajainliitto.fi\/wp-content\/uploads\/2023\/02\/Puheenjohtaja-Sebastian-Sohlberg.jpg 960w, https:\/\/maanomistajainliitto.fi\/wp-content\/uploads\/2023\/02\/Puheenjohtaja-Sebastian-Sohlberg-294x300.jpg 294w\" sizes=\"(max-width: 960px) 100vw, 960px\" \/><\/div><\/div><\/div><\/div><\/div><div class=\"vc_col-sm-6 wpb_column vc_column_container\"><div class=\"vc_column-inner\"><div class=\"wpb_wrapper\"><\/div><\/div><\/div><\/div><div class=\"w-separator size_small\"><\/div><div class=\"wpb_text_column\"><div class=\"wpb_wrapper\"><p><strong>Ordf\u00f6rande<\/strong><br \/>\nSebastian Sohlberg<br \/>\nagrolog, jordbruksf\u00f6retagare<br \/>\nSjunde\u00e5<br \/>\n040 5114 306<br \/>\n<a href=\"mailto:sebastian.sohlberg@malmgardsjundea.fi\"><strong>sebastian.sohlberg@malmgardsjundea.fi<\/strong><\/a><\/p>\n<\/div><\/div><div class=\"w-separator size_small\"><\/div><div class=\"wpb_text_column\"><div class=\"wpb_wrapper\"><p><strong>Viceordf\u00f6rande<br \/>\n<\/strong>Jari Lepp\u00e4, jordbruksf\u00f6retagare<\/p>\n<\/div><\/div><\/div><\/div><\/div><div class=\"vc_col-sm-12 vc_col-lg-6 vc_col-md-6 wpb_column vc_column_container\"><div class=\"vc_column-inner\"><div class=\"wpb_wrapper\"><h3 class=\"w-text\"><span class=\"w-text-h\"><span class=\"w-text-value\">Andra medlem<\/span><\/span><\/h3><div class=\"wpb_text_column\"><div class=\"wpb_wrapper\"><p><strong>Tommi Lunttila, <\/strong>lantbruksf\u00f6retagare, Pet\u00e4j\u00e4vesi<\/p>\n<p><b>Timo Meht\u00e4l\u00e4<\/b>, riksdagsledamot och jordbrukare<span>, Haapavesi<\/span><\/p>\n<p><strong>Juha M\u00e4kinen<\/strong>, PR-direkt\u00f6r<br \/>Nurmij\u00e4rvi<\/p>\n<p class=\"my-2 &#091;&amp;+p&#093;:mt-4 &#091;&amp;_strong:has(+br)&#093;:inline-block &#091;&amp;_strong:has(+br)&#093;:pb-2\"><strong>Ellen Rydbeck<\/strong>,\u00a0jordbrukare, ekonomie magister, Hattula<\/p>\n<p><strong>Arvi Sn\u00e4ll<\/strong>, ekonomichef, Helsingfors<\/p>\n<\/div><\/div><div class=\"w-separator size_small with_line width_default thick_1 style_solid color_border align_center\"><div class=\"w-separator-h\"><\/div><\/div><h4 class=\"w-text\"><span class=\"w-text-h\"><span class=\"w-text-value\">\u00d6vriga medlemmar<\/span><\/span><\/h4><div class=\"wpb_text_column\"><div class=\"wpb_wrapper\"><p><span>Fredrik Pressler, Linda Langh , Mikael Jensen, Aarne Schildt, Kari R\u00e4ih\u00e4, Ville Laakkonen,\u00a0 Tomas Landers<\/span><\/p>\n<\/div><\/div><\/div><\/div><\/div><\/div><\/div><\/section><section class=\"l-section wpb_row height_medium\" id=\"yhteistyo\"><div class=\"l-section-h i-cf\"><div class=\"g-cols vc_row via_flex valign_top type_default stacking_default\"><div class=\"vc_col-sm-12 wpb_column vc_column_container\"><div class=\"vc_column-inner\"><div class=\"wpb_wrapper\"><h2 class=\"w-text\"><span class=\"w-text-h\"><span class=\"w-text-value\">Internationellt samarbete<\/span><\/span><\/h2><div class=\"w-separator size_medium\"><\/div><div class=\"g-cols wpb_row via_flex valign_top type_default stacking_default\"><div class=\"vc_col-sm-3 wpb_column vc_column_container\"><div class=\"vc_column-inner\"><div class=\"wpb_wrapper\"><div class=\"w-image align_none\"><div class=\"w-image-h\"><img decoding=\"async\" width=\"480\" height=\"295\" src=\"https:\/\/maanomistajainliitto.fi\/wp-content\/uploads\/2023\/02\/Logo_ELO.png\" class=\"attachment-large size-large\" alt=\"\" loading=\"lazy\" srcset=\"https:\/\/maanomistajainliitto.fi\/wp-content\/uploads\/2023\/02\/Logo_ELO.png 480w, https:\/\/maanomistajainliitto.fi\/wp-content\/uploads\/2023\/02\/Logo_ELO-300x184.png 300w\" sizes=\"(max-width: 480px) 100vw, 480px\" \/><\/div><\/div><\/div><\/div><\/div><div class=\"vc_col-sm-9 wpb_column vc_column_container\"><div class=\"vc_column-inner\"><div class=\"wpb_wrapper\"><div class=\"wpb_text_column\"><div class=\"wpb_wrapper\"><h3>European Landowners&#8217; Organization<\/h3>\n<p>Organisationen f\u00f6r europeiska mark\u00e4gare (ELO) grundades \u00e5r 1972 f\u00f6r att f\u00f6retr\u00e4da alla mark\u00e4gare i Europa. ELO \u00e4r de nationella intresseorganisationernas oberoende och icke-vinstdrivande huvudorganisation som f\u00f6retr\u00e4der miljontals mark\u00e4gare i alla EU-l\u00e4nder. Organisationen har sitt huvudkontor i Bryssel.<\/p>\n<p>Medlemmarna i finska Jord\u00e4garnas f\u00f6rbund \u00e4r samtidigt ocks\u00e5 medlemmar i organisationen f\u00f6r europeiska mark\u00e4gare ELO. V\u00e5rt f\u00f6rbund har en egen representant i ELO och vi har d\u00e4rmed en god tillg\u00e5ng till information om \u00e4renden inom EU som p\u00e5verkar mark\u00e4gande. Vi str\u00e4var ocks\u00e5 efter att anv\u00e4nda den stora internationella organisationen som en inflytelserik bakgrundsakt\u00f6r f\u00f6r att \u00e5stadkomma f\u00f6r\u00e4ndringar i hemlandet som driver mark\u00e4garnas situation i en positiv riktning.<\/p>\n<p><strong>ELO:s uppgifter<\/strong><\/p>\n<p>ELO har till uppgift att s\u00e4kerst\u00e4lla att landsbygden inom EU bevarar sin livskraft och trivsamma karakt\u00e4r. Detta g\u00f6rs genom att v\u00e4rna om natur- och kulturv\u00e4rden. ELO f\u00f6rsvarar privat mark\u00e4gande och fr\u00e4mjar privata mark\u00e4gares r\u00e4ttigheter. M\u00e5let \u00e4r att ta fram l\u00f6sningar p\u00e5 de utmaningar som beslutsfattarna i Europa kommer att st\u00e4llas inf\u00f6r de kommande \u00e5ren samt att agera som viktig r\u00e5dgivare n\u00e4r den europeiska lagstiftningen \u00e4ndras.<\/p>\n<p><strong>Publikationen CountrySide<\/strong><\/p>\n<p>ELO ger varje m\u00e5nad ut tidskriften CountrySide. Tidskriften lyfter fram aktuella fr\u00e5gor om mark\u00e4gande och informerar om ELO:s senaste verksamhet.<\/p>\n<p><strong>European Landowners&#8217; Organization<\/strong><br \/>\nRue de Treves,<br \/>\n67B-1040 Bruxelles<br \/>\nTel. +32 2 234 30 00<br \/>\nFax +32 2 234 30 09<br \/>\nelo@elo.org<br \/>\n<a href=\"https:\/\/www.europeanlandowners.org\/\"><strong>www.europeanlandowners.org<\/strong><\/a><\/p>\n<\/div><\/div><\/div><\/div><\/div><\/div><div class=\"w-separator size_small with_line width_default thick_1 style_solid color_border align_center\"><div class=\"w-separator-h\"><\/div><\/div><div class=\"g-cols wpb_row via_flex valign_top type_default stacking_default\"><div class=\"vc_col-sm-3 wpb_column vc_column_container\"><div class=\"vc_column-inner\"><div class=\"wpb_wrapper\"><div class=\"w-image align_none\"><div class=\"w-image-h\"><img decoding=\"async\" width=\"225\" height=\"225\" src=\"https:\/\/maanomistajainliitto.fi\/wp-content\/uploads\/2023\/02\/wildlife-estates.png\" class=\"attachment-large size-large\" alt=\"\" loading=\"lazy\" srcset=\"https:\/\/maanomistajainliitto.fi\/wp-content\/uploads\/2023\/02\/wildlife-estates.png 225w, https:\/\/maanomistajainliitto.fi\/wp-content\/uploads\/2023\/02\/wildlife-estates-150x150.png 150w\" sizes=\"(max-width: 225px) 100vw, 225px\" \/><\/div><\/div><\/div><\/div><\/div><div class=\"vc_col-sm-9 wpb_column vc_column_container\"><div class=\"vc_column-inner\"><div class=\"wpb_wrapper\"><div class=\"wpb_text_column\"><div class=\"wpb_wrapper\"><h3>Wildlife Estates<\/h3>\n<p><strong>Viltg\u00e5rdarna som bevarare av den biologiska m\u00e5ngfalden<\/strong><\/p>\n<p>EU:s program Wildlife Estates str\u00e4var efter att fr\u00e4mja bevarandet av den biologiska m\u00e5ngfalden genom att skapa ett n\u00e4tverk av viltg\u00e5rdar som f\u00f6ljer principerna f\u00f6r h\u00e5llbar viltv\u00e5rd. Programmet lyfter ocks\u00e5 fram vikten av ett mer omfattande skydd av den biologiska m\u00e5ngfalden. Detta initiativ f\u00f6r privata mark\u00e4gare \u00e4r ett verktyg f\u00f6r styrningen, som hj\u00e4lper \u00e4ven andra akt\u00f6rer att f\u00f6r\u00e4ndra sin verksamhet i riktning mot en h\u00e5llbar och m\u00e5ngformig viltv\u00e5rd.<\/p>\n<p>Mark\u00e4gare, jordbrukare, j\u00e4gare och fiskare spelar en mycket viktig roll i det pussel som skyddet av den biologiska m\u00e5ngfalden \u00e4r. De har en n\u00e4ra kontakt med djur och f\u00e5glar i sitt arbete p\u00e5 landsbygden och f\u00e5r s\u00e5ledes mycket information om ekosystemen och v\u00e4xt- och djurarterna i dem.<\/p>\n<p>I Finland finns f\u00f6r n\u00e4rvarande tolv g\u00e5rdar som f\u00e5tt WE-m\u00e4rket: Porkkala g\u00e5rd i Lammi, Tavastehus, Finlands viltcentrals Laitiala verksamhetsst\u00e4lle i Hollola, Forststyrelsens modellg\u00e5rd Palosaari i Pyh\u00e4joki, Kullo G\u00e5rd och Kiiala G\u00e5rd i Borg\u00e5, Wanantaka i Janakkala, jakts\u00e4llskapet Kauhajoen Mets\u00e4stysseura, Malmg\u00e5rd Sjunde\u00e5 i Sjunde\u00e5, \u00c5minne Gods i Salo, Alhainens g\u00e5rd i Pirttikoski, Tavastehus, Hahkiala g\u00e5rd i Hauho, Tavastehus samt Koskis G\u00e5rd i Bj\u00e4rn\u00e5, Salo.<\/p>\n<p><strong>Jord\u00e4garnas f\u00f6rbunds <\/strong><br \/>\nKimmo Collander<\/p>\n<p>050 431 4982<br \/>\n<a href=\"mailto:toimisto@maanomistajainliitto.fi\"><strong>toimisto@maanomistajainliitto.fi<\/strong><\/a><\/p>\n<p>Forststyrelsen\u00a0Ahti Putaala<br \/>\n<a href=\"mailto:ahti.putaala@metsa.fi\"><strong>ahti.putaala@metsa.fi<\/strong><\/a><\/p>\n<p>Natur- och Viltv\u00e5rdsstiftelsen Kim Jaatinen<\/p>\n<p><strong>H\u00e4r hittar du de senaste nyheterna samt mera information om Wildlife Estates Label:<\/strong><\/p>\n<p><a href=\"https:\/\/wildlifeestates.org.uk\/\"><strong>www.wildlifeestates.org.uk<\/strong><\/a><\/p>\n<p><strong><a title=\"Maanomistaja 3\/2013\" href=\"http:\/\/issuu.com\/peakpress\/docs\/maanomistaja_3_2013_issuu\/12\" target=\"_blank\" rel=\"noopener\">Artikel ur tidningen Maanomistaja<\/a><\/strong><\/p>\n<\/div><\/div><\/div><\/div><\/div><\/div><\/div><\/div><\/div><\/div><\/div><\/section><section class=\"l-section wpb_row us_custom_60d769e9 height_medium color_alternate\" id=\"tyoryhmat\"><div class=\"l-section-h i-cf\"><div class=\"g-cols vc_row via_flex valign_top type_default stacking_default\"><div class=\"vc_col-sm-12 wpb_column vc_column_container\"><div class=\"vc_column-inner\"><div class=\"wpb_wrapper\"><div class=\"g-cols wpb_row via_flex valign_top type_default stacking_default\"><div class=\"vc_col-sm-3 wpb_column vc_column_container\"><div class=\"vc_column-inner\"><div class=\"wpb_wrapper\"><\/div><\/div><\/div><div class=\"vc_col-sm-9 wpb_column vc_column_container\"><div class=\"vc_column-inner\"><div class=\"wpb_wrapper\"><div class=\"wpb_text_column\"><div class=\"wpb_wrapper\"><h3>Unga mark\u00e4gare<\/h3>\n<p>I Jord\u00e4garnas f\u00f6rbund p\u00e5g\u00e5r arbete f\u00f6r att starta verksamhet f\u00f6r unga mark\u00e4gare. Vi v\u00e4lkomnar med alla mark\u00e4gare och blivande mark\u00e4gare under 40 \u00e5r. Medlemskap i Jord\u00e4garnas f\u00f6rbund kan tecknas av mark\u00e4garen sj\u00e4lv eller n\u00e5gon i hens familj, till exempel f\u00f6r\u00e4ldrarna.<\/p>\n<p>M\u00e5let \u00e4r att ordna verkst\u00e4der, seminarier och studiebes\u00f6k kring teman som mark\u00e4gande, unga landsbygdsf\u00f6retagare och generationsskiften.<\/p>\n<p>Sektionen samarbetar med European Landowners\u2019 Organization (<span><a href=\"https:\/\/www.europeanlandowners.org\/\">ELO<\/a><\/span>) och Young Friends of the Countryside (<span><a href=\"http:\/\/www.yfcs.eu\/\">YFCS<\/a><\/span>)<\/p>\n<p><a href=\"https:\/\/www.facebook.com\/groups\/723251434369376\/?fref=ts\"><strong>G\u00e5 med i unga mark\u00e4gares Facebookgrupp<\/strong><\/a><\/p>\n<\/div><\/div><\/div><\/div><\/div><\/div><\/div><\/div><\/div><\/div><\/div><\/section>\n","protected":false},"excerpt":{"rendered":"OrganizationJord\u00e4garnas f\u00f6rbunds uppgift \u00e4r att trygga och befr\u00e4mja mark\u00e4garnas intressen och ge medlemmarna r\u00e5dgivning. F\u00f6rbundet arbetar f\u00f6r att st\u00e4rka mark\u00e4gor\u00e4tten, f\u00f6rb\u00e4ttra de ekonomiska f\u00f6ruts\u00e4ttningarna f\u00f6r mark\u00e4gande och \u00f6ka mark\u00e4garnas beslutander\u00e4tt. RegeringenInternationellt samarbeteUnga mark\u00e4gareBli medlemRegeringenOrdf\u00f6rande Sebastian Sohlberg agrolog, jordbruksf\u00f6retagare Sjunde\u00e5 040 5114 306 sebastian.sohlberg@malmgardsjundea.fi Viceordf\u00f6rande Jari Lepp\u00e4, jordbruksf\u00f6retagare Andra medlemTommi Lunttila, lantbruksf\u00f6retagare, Pet\u00e4j\u00e4vesi Timo Meht\u00e4l\u00e4, riksdagsledamot...","protected":false},"author":1,"featured_media":1284,"parent":0,"menu_order":3,"comment_status":"closed","ping_status":"closed","template":"","meta":{"footnotes":""},"class_list":["post-1470","page","type-page","status-publish","has-post-thumbnail","hentry"],"yoast_head":"<!-- This site is optimized with the Yoast SEO plugin v25.0 - https:\/\/yoast.com\/wordpress\/plugins\/seo\/ -->\n<title>Organization - Jord\u00e4garnas F\u00f6rbund<\/title>\n<meta name=\"description\" content=\"Jord\u00e4garnas f\u00f6rbunds uppgift \u00e4r att trygga och befr\u00e4mja mark\u00e4garnas intressen och ge medlemmarna r\u00e5dgivning.\" \/>\n<meta name=\"robots\" content=\"index, follow, max-snippet:-1, max-image-preview:large, max-video-preview:-1\" \/>\n<link rel=\"canonical\" href=\"https:\/\/maanomistajainliitto.fi\/sv\/organization\/\" \/>\n<meta property=\"og:locale\" content=\"sv_SE\" \/>\n<meta property=\"og:type\" content=\"article\" \/>\n<meta property=\"og:title\" content=\"Organization - Jord\u00e4garnas F\u00f6rbund\" \/>\n<meta property=\"og:description\" content=\"Jord\u00e4garnas f\u00f6rbunds uppgift \u00e4r att trygga och befr\u00e4mja mark\u00e4garnas intressen och ge medlemmarna r\u00e5dgivning.\" \/>\n<meta property=\"og:url\" content=\"https:\/\/maanomistajainliitto.fi\/sv\/organization\/\" \/>\n<meta property=\"og:site_name\" content=\"Maanomistajain Liitto\" \/>\n<meta property=\"article:modified_time\" content=\"2026-04-16T08:56:00+00:00\" \/>\n<meta property=\"og:image\" content=\"https:\/\/maanomistajainliitto.fi\/wp-content\/uploads\/2023\/03\/rypsipelto.jpg\" \/>\n\t<meta property=\"og:image:width\" content=\"1920\" \/>\n\t<meta property=\"og:image:height\" content=\"1080\" \/>\n\t<meta property=\"og:image:type\" content=\"image\/jpeg\" \/>\n<meta name=\"twitter:card\" content=\"summary_large_image\" \/>\n<meta name=\"twitter:label1\" content=\"Ber\u00e4knad l\u00e4stid\" \/>\n\t<meta name=\"twitter:data1\" content=\"5 minuter\" \/>\n<script type=\"application\/ld+json\" class=\"yoast-schema-graph\">{\"@context\":\"https:\/\/schema.org\",\"@graph\":[{\"@type\":\"WebPage\",\"@id\":\"https:\/\/maanomistajainliitto.fi\/sv\/organization\/\",\"url\":\"https:\/\/maanomistajainliitto.fi\/sv\/organization\/\",\"name\":\"Organization - Jord\u00e4garnas F\u00f6rbund\",\"isPartOf\":{\"@id\":\"https:\/\/maanomistajainliitto.fi\/sv\/#website\"},\"primaryImageOfPage\":{\"@id\":\"https:\/\/maanomistajainliitto.fi\/sv\/organization\/#primaryimage\"},\"image\":{\"@id\":\"https:\/\/maanomistajainliitto.fi\/sv\/organization\/#primaryimage\"},\"thumbnailUrl\":\"https:\/\/maanomistajainliitto.fi\/wp-content\/uploads\/2023\/03\/rypsipelto.jpg\",\"datePublished\":\"2023-02-18T14:01:22+00:00\",\"dateModified\":\"2026-04-16T08:56:00+00:00\",\"description\":\"Jord\u00e4garnas f\u00f6rbunds uppgift \u00e4r att trygga och befr\u00e4mja mark\u00e4garnas intressen och ge medlemmarna r\u00e5dgivning.\",\"breadcrumb\":{\"@id\":\"https:\/\/maanomistajainliitto.fi\/sv\/organization\/#breadcrumb\"},\"inLanguage\":\"sv-SE\",\"potentialAction\":[{\"@type\":\"ReadAction\",\"target\":[\"https:\/\/maanomistajainliitto.fi\/sv\/organization\/\"]}]},{\"@type\":\"ImageObject\",\"inLanguage\":\"sv-SE\",\"@id\":\"https:\/\/maanomistajainliitto.fi\/sv\/organization\/#primaryimage\",\"url\":\"https:\/\/maanomistajainliitto.fi\/wp-content\/uploads\/2023\/03\/rypsipelto.jpg\",\"contentUrl\":\"https:\/\/maanomistajainliitto.fi\/wp-content\/uploads\/2023\/03\/rypsipelto.jpg\",\"width\":1920,\"height\":1080},{\"@type\":\"BreadcrumbList\",\"@id\":\"https:\/\/maanomistajainliitto.fi\/sv\/organization\/#breadcrumb\",\"itemListElement\":[{\"@type\":\"ListItem\",\"position\":1,\"name\":\"Etusivu\",\"item\":\"https:\/\/maanomistajainliitto.fi\/sv\/\"},{\"@type\":\"ListItem\",\"position\":2,\"name\":\"Organization\"}]},{\"@type\":\"WebSite\",\"@id\":\"https:\/\/maanomistajainliitto.fi\/sv\/#website\",\"url\":\"https:\/\/maanomistajainliitto.fi\/sv\/\",\"name\":\"Maanomistajain Liitto\",\"description\":\"Maanomistajien edunvalvonta- ja neuvontaj&auml;rjest&ouml;\",\"potentialAction\":[{\"@type\":\"SearchAction\",\"target\":{\"@type\":\"EntryPoint\",\"urlTemplate\":\"https:\/\/maanomistajainliitto.fi\/sv\/?s={search_term_string}\"},\"query-input\":{\"@type\":\"PropertyValueSpecification\",\"valueRequired\":true,\"valueName\":\"search_term_string\"}}],\"inLanguage\":\"sv-SE\"}]}<\/script>\n<!-- \/ Yoast SEO plugin. -->","yoast_head_json":{"title":"Organization - Jord\u00e4garnas F\u00f6rbund","description":"Jord\u00e4garnas f\u00f6rbunds uppgift \u00e4r att trygga och befr\u00e4mja mark\u00e4garnas intressen och ge medlemmarna r\u00e5dgivning.","robots":{"index":"index","follow":"follow","max-snippet":"max-snippet:-1","max-image-preview":"max-image-preview:large","max-video-preview":"max-video-preview:-1"},"canonical":"https:\/\/maanomistajainliitto.fi\/sv\/organization\/","og_locale":"sv_SE","og_type":"article","og_title":"Organization - Jord\u00e4garnas F\u00f6rbund","og_description":"Jord\u00e4garnas f\u00f6rbunds uppgift \u00e4r att trygga och befr\u00e4mja mark\u00e4garnas intressen och ge medlemmarna r\u00e5dgivning.","og_url":"https:\/\/maanomistajainliitto.fi\/sv\/organization\/","og_site_name":"Maanomistajain Liitto","article_modified_time":"2026-04-16T08:56:00+00:00","og_image":[{"width":1920,"height":1080,"url":"https:\/\/maanomistajainliitto.fi\/wp-content\/uploads\/2023\/03\/rypsipelto.jpg","type":"image\/jpeg"}],"twitter_card":"summary_large_image","twitter_misc":{"Ber\u00e4knad l\u00e4stid":"5 minuter"},"schema":{"@context":"https:\/\/schema.org","@graph":[{"@type":"WebPage","@id":"https:\/\/maanomistajainliitto.fi\/sv\/organization\/","url":"https:\/\/maanomistajainliitto.fi\/sv\/organization\/","name":"Organization - Jord\u00e4garnas F\u00f6rbund","isPartOf":{"@id":"https:\/\/maanomistajainliitto.fi\/sv\/#website"},"primaryImageOfPage":{"@id":"https:\/\/maanomistajainliitto.fi\/sv\/organization\/#primaryimage"},"image":{"@id":"https:\/\/maanomistajainliitto.fi\/sv\/organization\/#primaryimage"},"thumbnailUrl":"https:\/\/maanomistajainliitto.fi\/wp-content\/uploads\/2023\/03\/rypsipelto.jpg","datePublished":"2023-02-18T14:01:22+00:00","dateModified":"2026-04-16T08:56:00+00:00","description":"Jord\u00e4garnas f\u00f6rbunds uppgift \u00e4r att trygga och befr\u00e4mja mark\u00e4garnas intressen och ge medlemmarna r\u00e5dgivning.","breadcrumb":{"@id":"https:\/\/maanomistajainliitto.fi\/sv\/organization\/#breadcrumb"},"inLanguage":"sv-SE","potentialAction":[{"@type":"ReadAction","target":["https:\/\/maanomistajainliitto.fi\/sv\/organization\/"]}]},{"@type":"ImageObject","inLanguage":"sv-SE","@id":"https:\/\/maanomistajainliitto.fi\/sv\/organization\/#primaryimage","url":"https:\/\/maanomistajainliitto.fi\/wp-content\/uploads\/2023\/03\/rypsipelto.jpg","contentUrl":"https:\/\/maanomistajainliitto.fi\/wp-content\/uploads\/2023\/03\/rypsipelto.jpg","width":1920,"height":1080},{"@type":"BreadcrumbList","@id":"https:\/\/maanomistajainliitto.fi\/sv\/organization\/#breadcrumb","itemListElement":[{"@type":"ListItem","position":1,"name":"Etusivu","item":"https:\/\/maanomistajainliitto.fi\/sv\/"},{"@type":"ListItem","position":2,"name":"Organization"}]},{"@type":"WebSite","@id":"https:\/\/maanomistajainliitto.fi\/sv\/#website","url":"https:\/\/maanomistajainliitto.fi\/sv\/","name":"Maanomistajain Liitto","description":"Maanomistajien edunvalvonta- ja neuvontaj&auml;rjest&ouml;","potentialAction":[{"@type":"SearchAction","target":{"@type":"EntryPoint","urlTemplate":"https:\/\/maanomistajainliitto.fi\/sv\/?s={search_term_string}"},"query-input":{"@type":"PropertyValueSpecification","valueRequired":true,"valueName":"search_term_string"}}],"inLanguage":"sv-SE"}]}},"_links":{"self":[{"href":"https:\/\/maanomistajainliitto.fi\/sv\/wp-json\/wp\/v2\/pages\/1470"}],"collection":[{"href":"https:\/\/maanomistajainliitto.fi\/sv\/wp-json\/wp\/v2\/pages"}],"about":[{"href":"https:\/\/maanomistajainliitto.fi\/sv\/wp-json\/wp\/v2\/types\/page"}],"author":[{"embeddable":true,"href":"https:\/\/maanomistajainliitto.fi\/sv\/wp-json\/wp\/v2\/users\/1"}],"replies":[{"embeddable":true,"href":"https:\/\/maanomistajainliitto.fi\/sv\/wp-json\/wp\/v2\/comments?post=1470"}],"version-history":[{"count":9,"href":"https:\/\/maanomistajainliitto.fi\/sv\/wp-json\/wp\/v2\/pages\/1470\/revisions"}],"predecessor-version":[{"id":2683,"href":"https:\/\/maanomistajainliitto.fi\/sv\/wp-json\/wp\/v2\/pages\/1470\/revisions\/2683"}],"wp:featuredmedia":[{"embeddable":true,"href":"https:\/\/maanomistajainliitto.fi\/sv\/wp-json\/wp\/v2\/media\/1284"}],"wp:attachment":[{"href":"https:\/\/maanomistajainliitto.fi\/sv\/wp-json\/wp\/v2\/media?parent=1470"}],"curies":[{"name":"wp","href":"https:\/\/api.w.org\/{rel}","templated":true}]}}