{"id":1474,"date":"2023-02-18T16:01:36","date_gmt":"2023-02-18T14:01:36","guid":{"rendered":"https:\/\/maanomistajainliitto.fi\/julkaisut\/"},"modified":"2025-04-11T13:22:10","modified_gmt":"2025-04-11T10:22:10","slug":"publikations","status":"publish","type":"page","link":"https:\/\/maanomistajainliitto.fi\/sv\/publikations\/","title":{"rendered":"Publikationer"},"content":{"rendered":"<section class=\"l-section wpb_row height_auto with_img\"><div class=\"l-section-img\" role=\"img\" data-img-width=\"1920\" data-img-height=\"1080\" style=\"background-image: url(https:\/\/maanomistajainliitto.fi\/wp-content\/uploads\/2023\/03\/peltomaisema.jpg);background-repeat: no-repeat;\"><\/div><div class=\"l-section-h i-cf\"><div class=\"g-cols vc_row via_flex valign_top type_default stacking_default\"><div class=\"vc_col-sm-12 wpb_column vc_column_container\"><div class=\"vc_column-inner\"><div class=\"wpb_wrapper\"><div class=\"w-separator size_custom\" style=\"height:400px\"><\/div><\/div><\/div><\/div><\/div><\/div><\/section><section class=\"l-section wpb_row height_medium\"><div class=\"l-section-h i-cf\"><div class=\"g-cols vc_row via_flex valign_top type_default stacking_default\"><div class=\"vc_col-sm-12 vc_col-lg-9 vc_col-md-9 wpb_column vc_column_container\"><div class=\"vc_column-inner\"><div class=\"wpb_wrapper\"><h1 class=\"w-text\"><span class=\"w-text-h\"><span class=\"w-text-value\">Publikationer<\/span><\/span><\/h1><div class=\"wpb_text_column\"><div class=\"wpb_wrapper\"><p>Jord\u00e4garnas F\u00f6rbund ger ut olika publikationer f\u00f6r sina medlemmar och ber\u00f6rda parter. V\u00e5ra publikationer erbjuder b\u00e5de information och st\u00f6d f\u00f6r mark\u00e4gare, samt f\u00f6r fram f\u00f6rbundets m\u00e5ls\u00e4ttningar. <strong>Vi finns h\u00e4r f\u00f6r v\u00e5ra medlemmar!<\/strong><\/p>\n<\/div><\/div><\/div><\/div><\/div><div class=\"vc_col-sm-3 vc_hidden-sm vc_hidden-xs wpb_column vc_column_container\"><div class=\"vc_column-inner\"><div class=\"wpb_wrapper\"><\/div><\/div><\/div><\/div><\/div><\/section><section class=\"l-section wpb_row us_custom_85faedd6 height_medium color_alternate\"><div class=\"l-section-h i-cf\"><div class=\"g-cols vc_row via_flex valign_top type_default stacking_default\"><div class=\"vc_col-sm-2 vc_hidden-sm vc_hidden-xs wpb_column vc_column_container\"><div class=\"vc_column-inner\"><div class=\"wpb_wrapper\"><\/div><\/div><\/div><div class=\"vc_col-sm-12 vc_col-lg-8 vc_col-md-8 wpb_column vc_column_container\"><div class=\"vc_column-inner\"><div class=\"wpb_wrapper\"><div class=\"g-cols wpb_row via_flex valign_top type_default stacking_default\"><div class=\"vc_col-sm-12 wpb_column vc_column_container\"><div class=\"vc_column-inner\"><div class=\"wpb_wrapper\"><h2 class=\"w-text\"><span class=\"w-text-h\"><span class=\"w-text-value\">Tidskrift<\/span><\/span><\/h2><div class=\"wpb_text_column\"><div class=\"wpb_wrapper\"><p>Tidskriften Maanomistaja ges ut av Jord\u00e4garnas F\u00f6rbund fyra g\u00e5nger om \u00e5ret. F\u00f6r f\u00f6rbundets medlemmar \u00e4r tidningen gratis. Alla tidningar finns att l\u00e4sa som faksimilutg\u00e5va under fliken Tidningar.<\/p>\n<p>Det senaste numret av Maanomistaja kan du l\u00e4sa h\u00e4r nedan.<\/p>\n<\/div><\/div><div class=\"w-separator size_small\"><\/div><div class=\"w-btn-wrapper align_none\"><a class=\"w-btn us-btn-style_1\" href=\"\/sv\/publikations\/tidskrift\"><span class=\"w-btn-label\">Tidskrift<\/span><\/a><\/div><\/div><\/div><\/div><\/div><div class=\"w-separator size_medium with_line width_default thick_1 style_solid color_border align_center\"><div class=\"w-separator-h\"><\/div><\/div><div class=\"g-cols wpb_row via_flex valign_top type_default stacking_default\"><div class=\"vc_col-sm-12 wpb_column vc_column_container\"><div class=\"vc_column-inner\"><div class=\"wpb_wrapper\"><h2 class=\"w-text\"><span class=\"w-text-h\"><span class=\"w-text-value\">Videon<\/span><\/span><\/h2><div class=\"wpb_text_column\"><div class=\"wpb_wrapper\"><p>V\u00e5ra videon redog\u00f6r f\u00f6r olika former av mark\u00e4gande samt dess m\u00f6jligheter. Vad betyder det att vara mark\u00e4gare i 2020-talets Finland?<\/p>\n<\/div><\/div><div class=\"w-separator size_small\"><\/div><div class=\"w-btn-wrapper align_none\"><a class=\"w-btn us-btn-style_1\" href=\"\/sv\/publikations\/videon\"><span class=\"w-btn-label\">Videon<\/span><\/a><\/div><\/div><\/div><\/div><\/div><div class=\"w-separator size_medium with_line width_default thick_1 style_solid color_border align_center\"><div class=\"w-separator-h\"><\/div><\/div><div class=\"g-cols wpb_row via_flex valign_top type_default stacking_default\"><div class=\"vc_col-sm-12 wpb_column vc_column_container\"><div class=\"vc_column-inner\"><div class=\"wpb_wrapper\"><h2 class=\"w-text\"><span class=\"w-text-h\"><span class=\"w-text-value\">Politik<\/span><\/span><\/h2><div class=\"wpb_text_column\"><div class=\"wpb_wrapper\"><p>Vilka fr\u00e5gor driver Jord\u00e4garnas F\u00f6rbund, och vilka konkreta m\u00e5ls\u00e4ttningar har vi? Bekanta dig n\u00e4rmare med v\u00e5r intressebevakning genom de linjedragningar, st\u00e4llningstaganden och artiklar som vi samlat h\u00e4r p\u00e5 sidan.<\/p>\n<\/div><\/div><div class=\"w-separator size_small\"><\/div><div class=\"w-btn-wrapper align_none\"><a class=\"w-btn us-btn-style_1\" href=\"\/sv\/publikations\/politik\"><span class=\"w-btn-label\">Politik<\/span><\/a><\/div><\/div><\/div><\/div><\/div><div class=\"w-separator size_medium with_line width_default thick_1 style_solid color_border align_center\"><div class=\"w-separator-h\"><\/div><\/div><div class=\"g-cols wpb_row via_flex valign_top type_default stacking_default\"><div class=\"vc_col-sm-12 wpb_column vc_column_container\"><div class=\"vc_column-inner\"><div class=\"wpb_wrapper\"><h2 class=\"w-text\"><span class=\"w-text-h\"><span class=\"w-text-value\">Handb\u00f6cker<\/span><\/span><\/h2><div class=\"wpb_text_column\"><div class=\"wpb_wrapper\"><p>V\u00e5ra handb\u00f6cker hj\u00e4lper mark\u00e4garna i aktuella fr\u00e5gor som ofta uppkommer bland mark\u00e4garna. Vi erbjuder ett infopaket som hj\u00e4lper dig att navigera olika situationer som g\u00e4ller mark\u00e4gande.<\/p>\n<\/div><\/div><div class=\"w-separator size_small\"><\/div><div class=\"w-btn-wrapper align_none\"><a class=\"w-btn us-btn-style_1\" href=\"\/sv\/publikations\/handbocker\"><span class=\"w-btn-label\">Handb\u00f6cker<\/span><\/a><\/div><\/div><\/div><\/div><\/div><div class=\"w-separator size_medium with_line width_default thick_1 style_solid color_border align_center\"><div class=\"w-separator-h\"><\/div><\/div><div class=\"g-cols wpb_row via_flex valign_top type_default stacking_default\"><div class=\"vc_col-sm-12 wpb_column vc_column_container\"><div class=\"vc_column-inner\"><div class=\"wpb_wrapper\"><h2 class=\"w-text\"><span class=\"w-text-h\"><span class=\"w-text-value\">Modellavtal<\/span><\/span><\/h2><div class=\"wpb_text_column\"><div class=\"wpb_wrapper\"><p>Mark\u00e4gare \u00e4r ofta tvungna att ing\u00e5 olika avtal med exempelvis energibolag eller kommuner. F\u00f6r dessa situationer erbjuder vi v\u00e5ra modellavtal som hj\u00e4lpmedel f\u00f6r mark\u00e4garen.<\/p>\n<\/div><\/div><div class=\"w-separator size_small\"><\/div><div class=\"w-btn-wrapper align_none\"><a class=\"w-btn us-btn-style_1\" href=\"\/sv\/publikations\/modellavtal\"><span class=\"w-btn-label\">Modellavtal<\/span><\/a><\/div><\/div><\/div><\/div><\/div><\/div><\/div><\/div><div class=\"vc_col-sm-2 vc_hidden-sm vc_hidden-xs wpb_column vc_column_container\"><div class=\"vc_column-inner\"><div class=\"wpb_wrapper\"><\/div><\/div><\/div><\/div><\/div><\/section>\n","protected":false},"excerpt":{"rendered":"PublikationerJord\u00e4garnas F\u00f6rbund ger ut olika publikationer f\u00f6r sina medlemmar och ber\u00f6rda parter. V\u00e5ra publikationer erbjuder b\u00e5de information och st\u00f6d f\u00f6r mark\u00e4gare, samt f\u00f6r fram f\u00f6rbundets m\u00e5ls\u00e4ttningar. Vi finns h\u00e4r f\u00f6r v\u00e5ra medlemmar! TidskriftTidskriften Maanomistaja ges ut av Jord\u00e4garnas F\u00f6rbund fyra g\u00e5nger om \u00e5ret. F\u00f6r f\u00f6rbundets medlemmar \u00e4r tidningen gratis. Alla tidningar finns att l\u00e4sa som...","protected":false},"author":1,"featured_media":1282,"parent":0,"menu_order":5,"comment_status":"closed","ping_status":"closed","template":"","meta":{"footnotes":""},"class_list":["post-1474","page","type-page","status-publish","has-post-thumbnail","hentry"],"yoast_head":"<!-- This site is optimized with the Yoast SEO plugin v25.0 - https:\/\/yoast.com\/wordpress\/plugins\/seo\/ -->\n<title>Publikationer - Jord\u00e4garnas F\u00f6rbund<\/title>\n<meta name=\"description\" content=\"Jord\u00e4garnas F\u00f6rbund ger ut olika publikationer f\u00f6r sina medlemmar och ber\u00f6rda parter. V\u00e5ra publikationer erbjuder b\u00e5de information och st\u00f6d f\u00f6r mark\u00e4gare, samt f\u00f6r fram f\u00f6rbundets m\u00e5ls\u00e4ttningar.\" \/>\n<meta name=\"robots\" content=\"index, follow, max-snippet:-1, max-image-preview:large, max-video-preview:-1\" \/>\n<link rel=\"canonical\" href=\"https:\/\/maanomistajainliitto.fi\/sv\/publikations\/\" \/>\n<meta property=\"og:locale\" content=\"sv_SE\" \/>\n<meta property=\"og:type\" content=\"article\" \/>\n<meta property=\"og:title\" content=\"Publikationer - Jord\u00e4garnas F\u00f6rbund\" \/>\n<meta property=\"og:description\" content=\"Jord\u00e4garnas F\u00f6rbund ger ut olika publikationer f\u00f6r sina medlemmar och ber\u00f6rda parter. V\u00e5ra publikationer erbjuder b\u00e5de information och st\u00f6d f\u00f6r mark\u00e4gare, samt f\u00f6r fram f\u00f6rbundets m\u00e5ls\u00e4ttningar.\" \/>\n<meta property=\"og:url\" content=\"https:\/\/maanomistajainliitto.fi\/sv\/publikations\/\" \/>\n<meta property=\"og:site_name\" content=\"Maanomistajain Liitto\" \/>\n<meta property=\"article:modified_time\" content=\"2025-04-11T10:22:10+00:00\" \/>\n<meta property=\"og:image\" content=\"https:\/\/maanomistajainliitto.fi\/wp-content\/uploads\/2023\/03\/peltomaisema.jpg\" \/>\n\t<meta property=\"og:image:width\" content=\"1920\" \/>\n\t<meta property=\"og:image:height\" content=\"1080\" \/>\n\t<meta property=\"og:image:type\" content=\"image\/jpeg\" \/>\n<meta name=\"twitter:card\" content=\"summary_large_image\" \/>\n<meta name=\"twitter:label1\" content=\"Ber\u00e4knad l\u00e4stid\" \/>\n\t<meta name=\"twitter:data1\" content=\"2 minuter\" \/>\n<script type=\"application\/ld+json\" class=\"yoast-schema-graph\">{\"@context\":\"https:\/\/schema.org\",\"@graph\":[{\"@type\":\"WebPage\",\"@id\":\"https:\/\/maanomistajainliitto.fi\/sv\/publikations\/\",\"url\":\"https:\/\/maanomistajainliitto.fi\/sv\/publikations\/\",\"name\":\"Publikationer - Jord\u00e4garnas F\u00f6rbund\",\"isPartOf\":{\"@id\":\"https:\/\/maanomistajainliitto.fi\/sv\/#website\"},\"primaryImageOfPage\":{\"@id\":\"https:\/\/maanomistajainliitto.fi\/sv\/publikations\/#primaryimage\"},\"image\":{\"@id\":\"https:\/\/maanomistajainliitto.fi\/sv\/publikations\/#primaryimage\"},\"thumbnailUrl\":\"https:\/\/maanomistajainliitto.fi\/wp-content\/uploads\/2023\/03\/peltomaisema.jpg\",\"datePublished\":\"2023-02-18T14:01:36+00:00\",\"dateModified\":\"2025-04-11T10:22:10+00:00\",\"description\":\"Jord\u00e4garnas F\u00f6rbund ger ut olika publikationer f\u00f6r sina medlemmar och ber\u00f6rda parter. V\u00e5ra publikationer erbjuder b\u00e5de information och st\u00f6d f\u00f6r mark\u00e4gare, samt f\u00f6r fram f\u00f6rbundets m\u00e5ls\u00e4ttningar.\",\"breadcrumb\":{\"@id\":\"https:\/\/maanomistajainliitto.fi\/sv\/publikations\/#breadcrumb\"},\"inLanguage\":\"sv-SE\",\"potentialAction\":[{\"@type\":\"ReadAction\",\"target\":[\"https:\/\/maanomistajainliitto.fi\/sv\/publikations\/\"]}]},{\"@type\":\"ImageObject\",\"inLanguage\":\"sv-SE\",\"@id\":\"https:\/\/maanomistajainliitto.fi\/sv\/publikations\/#primaryimage\",\"url\":\"https:\/\/maanomistajainliitto.fi\/wp-content\/uploads\/2023\/03\/peltomaisema.jpg\",\"contentUrl\":\"https:\/\/maanomistajainliitto.fi\/wp-content\/uploads\/2023\/03\/peltomaisema.jpg\",\"width\":1920,\"height\":1080},{\"@type\":\"BreadcrumbList\",\"@id\":\"https:\/\/maanomistajainliitto.fi\/sv\/publikations\/#breadcrumb\",\"itemListElement\":[{\"@type\":\"ListItem\",\"position\":1,\"name\":\"Etusivu\",\"item\":\"https:\/\/maanomistajainliitto.fi\/sv\/\"},{\"@type\":\"ListItem\",\"position\":2,\"name\":\"Publikationer\"}]},{\"@type\":\"WebSite\",\"@id\":\"https:\/\/maanomistajainliitto.fi\/sv\/#website\",\"url\":\"https:\/\/maanomistajainliitto.fi\/sv\/\",\"name\":\"Maanomistajain Liitto\",\"description\":\"Maanomistajien edunvalvonta- ja neuvontaj&auml;rjest&ouml;\",\"potentialAction\":[{\"@type\":\"SearchAction\",\"target\":{\"@type\":\"EntryPoint\",\"urlTemplate\":\"https:\/\/maanomistajainliitto.fi\/sv\/?s={search_term_string}\"},\"query-input\":{\"@type\":\"PropertyValueSpecification\",\"valueRequired\":true,\"valueName\":\"search_term_string\"}}],\"inLanguage\":\"sv-SE\"}]}<\/script>\n<!-- \/ Yoast SEO plugin. -->","yoast_head_json":{"title":"Publikationer - Jord\u00e4garnas F\u00f6rbund","description":"Jord\u00e4garnas F\u00f6rbund ger ut olika publikationer f\u00f6r sina medlemmar och ber\u00f6rda parter. V\u00e5ra publikationer erbjuder b\u00e5de information och st\u00f6d f\u00f6r mark\u00e4gare, samt f\u00f6r fram f\u00f6rbundets m\u00e5ls\u00e4ttningar.","robots":{"index":"index","follow":"follow","max-snippet":"max-snippet:-1","max-image-preview":"max-image-preview:large","max-video-preview":"max-video-preview:-1"},"canonical":"https:\/\/maanomistajainliitto.fi\/sv\/publikations\/","og_locale":"sv_SE","og_type":"article","og_title":"Publikationer - Jord\u00e4garnas F\u00f6rbund","og_description":"Jord\u00e4garnas F\u00f6rbund ger ut olika publikationer f\u00f6r sina medlemmar och ber\u00f6rda parter. V\u00e5ra publikationer erbjuder b\u00e5de information och st\u00f6d f\u00f6r mark\u00e4gare, samt f\u00f6r fram f\u00f6rbundets m\u00e5ls\u00e4ttningar.","og_url":"https:\/\/maanomistajainliitto.fi\/sv\/publikations\/","og_site_name":"Maanomistajain Liitto","article_modified_time":"2025-04-11T10:22:10+00:00","og_image":[{"width":1920,"height":1080,"url":"https:\/\/maanomistajainliitto.fi\/wp-content\/uploads\/2023\/03\/peltomaisema.jpg","type":"image\/jpeg"}],"twitter_card":"summary_large_image","twitter_misc":{"Ber\u00e4knad l\u00e4stid":"2 minuter"},"schema":{"@context":"https:\/\/schema.org","@graph":[{"@type":"WebPage","@id":"https:\/\/maanomistajainliitto.fi\/sv\/publikations\/","url":"https:\/\/maanomistajainliitto.fi\/sv\/publikations\/","name":"Publikationer - Jord\u00e4garnas F\u00f6rbund","isPartOf":{"@id":"https:\/\/maanomistajainliitto.fi\/sv\/#website"},"primaryImageOfPage":{"@id":"https:\/\/maanomistajainliitto.fi\/sv\/publikations\/#primaryimage"},"image":{"@id":"https:\/\/maanomistajainliitto.fi\/sv\/publikations\/#primaryimage"},"thumbnailUrl":"https:\/\/maanomistajainliitto.fi\/wp-content\/uploads\/2023\/03\/peltomaisema.jpg","datePublished":"2023-02-18T14:01:36+00:00","dateModified":"2025-04-11T10:22:10+00:00","description":"Jord\u00e4garnas F\u00f6rbund ger ut olika publikationer f\u00f6r sina medlemmar och ber\u00f6rda parter. V\u00e5ra publikationer erbjuder b\u00e5de information och st\u00f6d f\u00f6r mark\u00e4gare, samt f\u00f6r fram f\u00f6rbundets m\u00e5ls\u00e4ttningar.","breadcrumb":{"@id":"https:\/\/maanomistajainliitto.fi\/sv\/publikations\/#breadcrumb"},"inLanguage":"sv-SE","potentialAction":[{"@type":"ReadAction","target":["https:\/\/maanomistajainliitto.fi\/sv\/publikations\/"]}]},{"@type":"ImageObject","inLanguage":"sv-SE","@id":"https:\/\/maanomistajainliitto.fi\/sv\/publikations\/#primaryimage","url":"https:\/\/maanomistajainliitto.fi\/wp-content\/uploads\/2023\/03\/peltomaisema.jpg","contentUrl":"https:\/\/maanomistajainliitto.fi\/wp-content\/uploads\/2023\/03\/peltomaisema.jpg","width":1920,"height":1080},{"@type":"BreadcrumbList","@id":"https:\/\/maanomistajainliitto.fi\/sv\/publikations\/#breadcrumb","itemListElement":[{"@type":"ListItem","position":1,"name":"Etusivu","item":"https:\/\/maanomistajainliitto.fi\/sv\/"},{"@type":"ListItem","position":2,"name":"Publikationer"}]},{"@type":"WebSite","@id":"https:\/\/maanomistajainliitto.fi\/sv\/#website","url":"https:\/\/maanomistajainliitto.fi\/sv\/","name":"Maanomistajain Liitto","description":"Maanomistajien edunvalvonta- ja neuvontaj&auml;rjest&ouml;","potentialAction":[{"@type":"SearchAction","target":{"@type":"EntryPoint","urlTemplate":"https:\/\/maanomistajainliitto.fi\/sv\/?s={search_term_string}"},"query-input":{"@type":"PropertyValueSpecification","valueRequired":true,"valueName":"search_term_string"}}],"inLanguage":"sv-SE"}]}},"_links":{"self":[{"href":"https:\/\/maanomistajainliitto.fi\/sv\/wp-json\/wp\/v2\/pages\/1474"}],"collection":[{"href":"https:\/\/maanomistajainliitto.fi\/sv\/wp-json\/wp\/v2\/pages"}],"about":[{"href":"https:\/\/maanomistajainliitto.fi\/sv\/wp-json\/wp\/v2\/types\/page"}],"author":[{"embeddable":true,"href":"https:\/\/maanomistajainliitto.fi\/sv\/wp-json\/wp\/v2\/users\/1"}],"replies":[{"embeddable":true,"href":"https:\/\/maanomistajainliitto.fi\/sv\/wp-json\/wp\/v2\/comments?post=1474"}],"version-history":[{"count":7,"href":"https:\/\/maanomistajainliitto.fi\/sv\/wp-json\/wp\/v2\/pages\/1474\/revisions"}],"predecessor-version":[{"id":1825,"href":"https:\/\/maanomistajainliitto.fi\/sv\/wp-json\/wp\/v2\/pages\/1474\/revisions\/1825"}],"wp:featuredmedia":[{"embeddable":true,"href":"https:\/\/maanomistajainliitto.fi\/sv\/wp-json\/wp\/v2\/media\/1282"}],"wp:attachment":[{"href":"https:\/\/maanomistajainliitto.fi\/sv\/wp-json\/wp\/v2\/media?parent=1474"}],"curies":[{"name":"wp","href":"https:\/\/api.w.org\/{rel}","templated":true}]}}