{"id":1478,"date":"2023-02-18T16:02:10","date_gmt":"2023-02-18T14:02:10","guid":{"rendered":"https:\/\/maanomistajainliitto.fi\/rakennushistoria\/"},"modified":"2025-04-03T15:06:18","modified_gmt":"2025-04-03T12:06:18","slug":"byggnadshistoria","status":"publish","type":"page","link":"https:\/\/maanomistajainliitto.fi\/sv\/byggnadshistoria\/","title":{"rendered":"Byggnadshistoria"},"content":{"rendered":"<section class=\"l-section wpb_row height_auto with_img\"><div class=\"l-section-img\" role=\"img\" data-img-width=\"1980\" data-img-height=\"1080\" style=\"background-image: url(https:\/\/maanomistajainliitto.fi\/wp-content\/uploads\/2023\/02\/rakennushistoria.jpg);background-position: top center;background-repeat: no-repeat;\"><\/div><div class=\"l-section-h i-cf\"><div class=\"g-cols vc_row via_flex valign_top type_default stacking_default\"><div class=\"vc_col-sm-12 wpb_column vc_column_container\"><div class=\"vc_column-inner\"><div class=\"wpb_wrapper\"><div class=\"w-separator size_custom\" style=\"height:400px\"><\/div><\/div><\/div><\/div><\/div><\/div><\/section><section class=\"l-section wpb_row height_medium\"><div class=\"l-section-h i-cf\"><div class=\"g-cols vc_row via_flex valign_top type_default stacking_default\"><div class=\"vc_col-sm-12 vc_col-lg-9 vc_col-md-9 wpb_column vc_column_container\"><div class=\"vc_column-inner\"><div class=\"wpb_wrapper\"><h1 class=\"w-text\"><span class=\"w-text-h\"><span class=\"w-text-value\">Byggnadshistoria<\/span><\/span><\/h1><div class=\"wpb_text_column\"><div class=\"wpb_wrapper\"><p>F\u00f6rbundets sektion f\u00f6r byggnadshistoria bevakar intressena f\u00f6r \u00e4gare av kulturhistoriskt v\u00e4rdefulla objekt. Sektionen samlar samman de medlemmar som \u00e4ger kulturhistoriskt v\u00e4rdefulla objekt eller som av andra sk\u00e4l anser det vara viktigt att v\u00e4rna om det byggnadshistoriska arvet.<\/p>\n<p>Sektionen ordnar bes\u00f6k till intressanta objekt och utbildningar.<\/p>\n<p>Jord\u00e4garnas f\u00f6rbund \u00e4r medlem i organisationen European Historic Houses Association (EHHA). Du kan prenumerera p\u00e5 EHHA:s nyhetsbrev <span><a href=\"https:\/\/www.europeanhistorichouses.eu\/\">h\u00e4r<\/a><\/span>.<\/p>\n<\/div><\/div><div class=\"w-separator size_small\"><\/div><div class=\"w-btn-wrapper align_none\"><a class=\"w-btn us-btn-style_1\" href=\"#hallitus\"><span class=\"w-btn-label\">Hallitus<\/span><\/a><\/div><div class=\"w-btn-wrapper align_none\"><a class=\"w-btn us-btn-style_1\" href=\"#Internationellt-samarbete\"><span class=\"w-btn-label\">Internationellt samarbete<\/span><\/a><\/div><div class=\"w-btn-wrapper align_none\"><a class=\"w-btn us-btn-style_6 icon_atleft\" href=\"\/wp-content\/uploads\/2023\/02\/Rak.hist_.-SAANNOT-2015.docx\"><i class=\"fas fa-download\"><\/i><span class=\"w-btn-label\">Jaoston s\u00e4\u00e4nn\u00f6t<\/span><\/a><\/div><\/div><\/div><\/div><div class=\"vc_col-sm-3 vc_hidden-sm vc_hidden-xs wpb_column vc_column_container\"><div class=\"vc_column-inner\"><div class=\"wpb_wrapper\"><\/div><\/div><\/div><\/div><\/div><\/section><section class=\"l-section wpb_row us_custom_e08dc55c height_medium color_alternate\" id=\"hallitus\"><div class=\"l-section-h i-cf\"><div class=\"g-cols vc_row via_flex valign_top type_default stacking_default\"><div class=\"vc_col-sm-2 vc_hidden-sm vc_hidden-xs wpb_column vc_column_container\"><div class=\"vc_column-inner\"><div class=\"wpb_wrapper\"><\/div><\/div><\/div><div class=\"vc_col-sm-12 vc_col-lg-8 vc_col-md-8 wpb_column vc_column_container\"><div class=\"vc_column-inner\"><div class=\"wpb_wrapper\"><h2 class=\"w-text\"><span class=\"w-text-h\"><span class=\"w-text-value\">Sektionen f\u00f6r byggnadshistoria &#8211; Styrelsen<\/span><\/span><\/h2><div class=\"wpb_text_column\"><div class=\"wpb_wrapper\"><p><strong>Ordf\u00f6rande<\/strong><\/p>\n<p>Henrik Creutz<\/p>\n<p><strong>Medlemmar<\/strong><br \/>\nLinda Langh<br \/>\nSampsa Heinonen<br \/>\nWilhelm Brummer<br \/>\nMarjo Uotila<br \/>\nFredrik Pressler<br \/>\nEine Rosenberg-Riihim\u00e4ki<\/p>\n<p><strong>Sakkunniga<\/strong><br \/>\nWilhelm von Nandelstadh<br \/>\nHannele Helkama-R\u00e5g\u00e5rd<br \/>\nIlta-Kanerva Kankaanrinta<\/p>\n<\/div><\/div><\/div><\/div><\/div><div class=\"vc_col-sm-2 vc_hidden-sm vc_hidden-xs wpb_column vc_column_container\"><div class=\"vc_column-inner\"><div class=\"wpb_wrapper\"><\/div><\/div><\/div><\/div><\/div><\/section><section class=\"l-section wpb_row height_medium\" id=\"Internationellt-samarbete\"><div class=\"l-section-h i-cf\"><div class=\"g-cols vc_row via_flex valign_top type_default stacking_default\"><div class=\"vc_col-sm-2 vc_hidden-sm vc_hidden-xs wpb_column vc_column_container\"><div class=\"vc_column-inner\"><div class=\"wpb_wrapper\"><\/div><\/div><\/div><div class=\"vc_col-sm-12 vc_col-lg-8 vc_col-md-8 wpb_column vc_column_container\"><div class=\"vc_column-inner\"><div class=\"wpb_wrapper\"><h2 class=\"w-text\"><span class=\"w-text-h\"><span class=\"w-text-value\">Internationellt samarbete<\/span><\/span><\/h2><div class=\"wpb_text_column\"><div class=\"wpb_wrapper\"><p><strong>Europeiska f\u00f6rbundet f\u00f6r historiska hus (EHHA)<\/strong> \u00e4r en takorganisation f\u00f6r nationella byggnadsv\u00e5rdsf\u00f6reningar. Dess m\u00e5l \u00e4r att fr\u00e4mja skyddet av privat\u00e4gda historiska hus, parker och tr\u00e4dg\u00e5rdar i Europa. EHHA \u00e4r en stiftelse som grundats enligt nederl\u00e4ndsk lag och som har ett kontor i Bryssel i n\u00e4rheten av EU-organen.<\/p>\n<p>EHHA str\u00e4var efter att bevara Europas enast\u00e5ende konstn\u00e4rliga och arkitektoniska byggnadsarv: privata historiska byggnader, l\u00f6s\u00f6ret i dem samt tillh\u00f6rande tr\u00e4dg\u00e5rdar och parker, vilka representerar ungef\u00e4r 35 procent av Europas \u201dlistade\u201d byggnadsarv. I Europa finns omkring 20\u00a0000 betydande historiska privata fastigheter som bildar en v\u00e4sentlig del av det europeiska kulturarvet. Regeringar i olika l\u00e4nder har konstaterat att det b\u00e4sta och mest ekonomiska s\u00e4ttet att se till att dessa fastigheter och deras omgivningar bevaras f\u00f6r kommande generationer och kommer hela samh\u00e4llet till godo \u00e4r genom att de \u00e4r i privat \u00e4go. Att bevara detta arv kr\u00e4ver dock \u00e5tg\u00e4rder i anslutning till lagstiftningen, beskattningen, milj\u00f6n och \u00f6vriga f\u00f6rfattningar som fr\u00e4mjar bevarandet.<\/p>\n<p><strong>EHHA har som m\u00e5l att<\/strong><\/p>\n<ul>\n<li>s\u00e4kerst\u00e4lla fortlevnaden av privata historiska byggnader, l\u00f6s\u00f6ret i dem samt tillh\u00f6rande tr\u00e4dg\u00e5rdar och parker som levande helheter<\/li>\n<li>fr\u00e4mja bevarandet av historiska byggnader och tr\u00e4dg\u00e5rdar<\/li>\n<li>erbjuda nationella organisationer inom omr\u00e5det historiska byggnader ett gemensamt forum och annat st\u00f6d<\/li>\n<li>fr\u00e4mja intresset f\u00f6r historiska byggnader i historiskt, estetiskt, bildningsm\u00e4ssigt och milj\u00f6m\u00e4ssigt avseende<\/li>\n<li>i den m\u00e5n det \u00e4r m\u00f6jligt, fr\u00e4mja utvidgande och f\u00f6rb\u00e4ttring av historiska byggnader, parker och tr\u00e4dg\u00e5rdar s\u00e5 att hela nationen kan njuta av deras sk\u00f6nhet<\/li>\n<li>uppmuntra nationella regeringar att ge st\u00f6d f\u00f6r uppn\u00e5endet av dessa m\u00e5l exempelvis via offentliga och privata samarbetsavtal<\/li>\n<\/ul>\n<p><strong>EHHA: verksamhet f\u00f6r att uppn\u00e5 m\u00e5len:<\/strong><\/p>\n<ul>\n<li>Samlar in och behandlar ekonomiska, skattem\u00e4ssiga och juridiska uppgifter som r\u00f6r historiska fastigheter och f\u00f6rmedlar dem till sina medlemmar.<\/li>\n<li>Hj\u00e4lper Europeiska unionen och Europeiska r\u00e5det att utveckla f\u00f6rfaranden f\u00f6r bevarande av det privat\u00e4gda arkitektoniska arvet och milj\u00f6arvet exempelvis via projekt som finansieras fr\u00e5n europeiska k\u00e4llor.<\/li>\n<li>Tillhandah\u00e5ller sina medlemsorganisationer j\u00e4mf\u00f6relsedata med vars hj\u00e4lp dessa kan \u00f6vertala de nationella regeringarna att inf\u00f6ra fungerande tillv\u00e4gag\u00e5ngss\u00e4tt som grundar sig p\u00e5 andra l\u00e4nders praxis och f\u00f6rfattningar.<\/li>\n<li>Ger r\u00e5dgivning om bevarande.<\/li>\n<li>Tillhandah\u00e5ller informationsk\u00e4llor i anslutning till estetiska och tekniska aspekter om byggnadsv\u00e5rd.<\/li>\n<li>Bist\u00e5r medlemsorganisationerna i deras forskningsprojekt.<\/li>\n<li>Tillhandah\u00e5ller information och r\u00e5d om anv\u00e4ndningen av historiska byggnader inom turismen.<\/li>\n<li>Samarbetar med andra internationella organisationer s\u00e5som organisationen f\u00f6r europeiska mark\u00e4gare (ELO) och Europa Nostra kring gemensamma intressen.<\/li>\n<\/ul>\n<p>Europeiska kommissionen och Europeiska r\u00e5det erk\u00e4nner EHHA som sin konsult. EHHA deltar i internationella konferenser och diskussionsm\u00f6ten och bidrar till dem med sin omfattande och multinationella kompetens. P\u00e5 nationell niv\u00e5 har EHHA uppn\u00e5tt sina m\u00e5l v\u00e4l. I synnerhet har man gjort stora framsteg inom beskattningen av byggnadsarvsobjekt. Det \u00e5terst\u00e5r dock mycket arbete.<\/p>\n<p>Europeiska kommissionen har visat allt st\u00f6rre intresse f\u00f6r att st\u00f6da EHHA:s initiativ f\u00f6r att nyttja den expertis som finns inom dess medlemsorganisationer i bevarandet av konstverk, kulturmilj\u00f6er och byggnadsarv. N\u00e5gra exempel p\u00e5 detta \u00e4r till exempel<\/p>\n<ul>\n<li>det nederl\u00e4ndska programmet f\u00f6r bevarande av tr\u00e4dg\u00e5rdar (<em>Fines Garden Programme)<\/em><\/li>\n<li>det danska byggnadsv\u00e5rdsprogrammet (<em>Building Care Programme)<\/em> samt<\/li>\n<\/ul>\n<p>AGIS-programmet f\u00f6r bek\u00e4mpning av st\u00f6lder och smuggling av kulturminnesm\u00e4rken.<strong><a title=\"European Historic Houses\" href=\"http:\/\/www.europeanhistorichouses.eu\/\" target=\"_blank\" rel=\"noopener\">www.euehha.org<\/a><\/strong><\/p>\n<\/div><\/div><\/div><\/div><\/div><div class=\"vc_col-sm-2 vc_hidden-sm vc_hidden-xs wpb_column vc_column_container\"><div class=\"vc_column-inner\"><div class=\"wpb_wrapper\"><\/div><\/div><\/div><\/div><\/div><\/section><section class=\"l-section wpb_row height_small color_secondary\"><div class=\"l-section-h i-cf\"><div class=\"g-cols vc_row via_flex valign_middle type_default stacking_default\"><div class=\"vc_col-sm-2 vc_hidden-xs wpb_column vc_column_container\"><div class=\"vc_column-inner\"><div class=\"wpb_wrapper\"><div class=\"w-image align_none\"><div class=\"w-image-h\"><img decoding=\"async\" width=\"512\" height=\"512\" src=\"https:\/\/maanomistajainliitto.fi\/wp-content\/uploads\/2023\/02\/fav-maanomistajainliitto.png\" class=\"attachment-large size-large\" alt=\"\" loading=\"lazy\" srcset=\"https:\/\/maanomistajainliitto.fi\/wp-content\/uploads\/2023\/02\/fav-maanomistajainliitto.png 512w, https:\/\/maanomistajainliitto.fi\/wp-content\/uploads\/2023\/02\/fav-maanomistajainliitto-300x300.png 300w, https:\/\/maanomistajainliitto.fi\/wp-content\/uploads\/2023\/02\/fav-maanomistajainliitto-150x150.png 150w\" sizes=\"(max-width: 512px) 100vw, 512px\" \/><\/div><\/div><\/div><\/div><\/div><div class=\"vc_col-sm-10 wpb_column vc_column_container\"><div class=\"vc_column-inner\"><div class=\"wpb_wrapper\"><h3 class=\"w-text\"><span class=\"w-text-h\"><span class=\"w-text-value\">Bli medlem i Jord\u00e4garnas f\u00f6rbund<\/span><\/span><\/h3><div class=\"wpb_text_column\"><div class=\"wpb_wrapper\"><p><span>Medlemsavgiften best\u00e4ms enligt storleken p\u00e5 markegendomen, fr\u00e5n 50 EUR\/\u00e5r.<\/span><\/p>\n<\/div><\/div><div class=\"w-separator size_small\"><\/div><div class=\"w-btn-wrapper align_none\"><a class=\"w-btn us-btn-style_5\" href=\"https:\/\/www.flomembers.com\/maanomistajain-liitto\/members\/application?_lang=fi \"><span class=\"w-btn-label\">Bli medlem<\/span><\/a><\/div><\/div><\/div><\/div><\/div><\/div><\/section>\n","protected":false},"excerpt":{"rendered":"ByggnadshistoriaF\u00f6rbundets sektion f\u00f6r byggnadshistoria bevakar intressena f\u00f6r \u00e4gare av kulturhistoriskt v\u00e4rdefulla objekt. Sektionen samlar samman de medlemmar som \u00e4ger kulturhistoriskt v\u00e4rdefulla objekt eller som av andra sk\u00e4l anser det vara viktigt att v\u00e4rna om det byggnadshistoriska arvet. Sektionen ordnar bes\u00f6k till intressanta objekt och utbildningar. Jord\u00e4garnas f\u00f6rbund \u00e4r medlem i organisationen European Historic Houses Association...","protected":false},"author":1,"featured_media":1237,"parent":0,"menu_order":6,"comment_status":"closed","ping_status":"closed","template":"","meta":{"footnotes":""},"class_list":["post-1478","page","type-page","status-publish","has-post-thumbnail","hentry"],"yoast_head":"<!-- This site is optimized with the Yoast SEO plugin v25.0 - https:\/\/yoast.com\/wordpress\/plugins\/seo\/ -->\n<title>Byggnadshistoria - Jord\u00e4garnas F\u00f6rbund<\/title>\n<meta name=\"description\" content=\"F\u00f6rbundets sektion f\u00f6r byggnadshistoria bevakar intressena f\u00f6r \u00e4gare av kulturhistoriskt v\u00e4rdefulla objekt.\" \/>\n<meta name=\"robots\" content=\"index, follow, max-snippet:-1, max-image-preview:large, max-video-preview:-1\" \/>\n<link rel=\"canonical\" href=\"https:\/\/maanomistajainliitto.fi\/sv\/byggnadshistoria\/\" \/>\n<meta property=\"og:locale\" content=\"sv_SE\" \/>\n<meta property=\"og:type\" content=\"article\" \/>\n<meta property=\"og:title\" content=\"Byggnadshistoria - Jord\u00e4garnas F\u00f6rbund\" \/>\n<meta property=\"og:description\" content=\"F\u00f6rbundets sektion f\u00f6r byggnadshistoria bevakar intressena f\u00f6r \u00e4gare av kulturhistoriskt v\u00e4rdefulla objekt.\" \/>\n<meta property=\"og:url\" content=\"https:\/\/maanomistajainliitto.fi\/sv\/byggnadshistoria\/\" \/>\n<meta property=\"og:site_name\" content=\"Maanomistajain Liitto\" \/>\n<meta property=\"article:modified_time\" content=\"2025-04-03T12:06:18+00:00\" \/>\n<meta property=\"og:image\" content=\"https:\/\/maanomistajainliitto.fi\/wp-content\/uploads\/2023\/02\/rakennushistoria.jpg\" \/>\n\t<meta property=\"og:image:width\" content=\"1980\" \/>\n\t<meta property=\"og:image:height\" content=\"1080\" \/>\n\t<meta property=\"og:image:type\" content=\"image\/jpeg\" \/>\n<meta name=\"twitter:card\" content=\"summary_large_image\" \/>\n<meta name=\"twitter:label1\" content=\"Ber\u00e4knad l\u00e4stid\" \/>\n\t<meta name=\"twitter:data1\" content=\"5 minuter\" \/>\n<script type=\"application\/ld+json\" class=\"yoast-schema-graph\">{\"@context\":\"https:\/\/schema.org\",\"@graph\":[{\"@type\":\"WebPage\",\"@id\":\"https:\/\/maanomistajainliitto.fi\/sv\/byggnadshistoria\/\",\"url\":\"https:\/\/maanomistajainliitto.fi\/sv\/byggnadshistoria\/\",\"name\":\"Byggnadshistoria - Jord\u00e4garnas F\u00f6rbund\",\"isPartOf\":{\"@id\":\"https:\/\/maanomistajainliitto.fi\/sv\/#website\"},\"primaryImageOfPage\":{\"@id\":\"https:\/\/maanomistajainliitto.fi\/sv\/byggnadshistoria\/#primaryimage\"},\"image\":{\"@id\":\"https:\/\/maanomistajainliitto.fi\/sv\/byggnadshistoria\/#primaryimage\"},\"thumbnailUrl\":\"https:\/\/maanomistajainliitto.fi\/wp-content\/uploads\/2023\/02\/rakennushistoria.jpg\",\"datePublished\":\"2023-02-18T14:02:10+00:00\",\"dateModified\":\"2025-04-03T12:06:18+00:00\",\"description\":\"F\u00f6rbundets sektion f\u00f6r byggnadshistoria bevakar intressena f\u00f6r \u00e4gare av kulturhistoriskt v\u00e4rdefulla objekt.\",\"breadcrumb\":{\"@id\":\"https:\/\/maanomistajainliitto.fi\/sv\/byggnadshistoria\/#breadcrumb\"},\"inLanguage\":\"sv-SE\",\"potentialAction\":[{\"@type\":\"ReadAction\",\"target\":[\"https:\/\/maanomistajainliitto.fi\/sv\/byggnadshistoria\/\"]}]},{\"@type\":\"ImageObject\",\"inLanguage\":\"sv-SE\",\"@id\":\"https:\/\/maanomistajainliitto.fi\/sv\/byggnadshistoria\/#primaryimage\",\"url\":\"https:\/\/maanomistajainliitto.fi\/wp-content\/uploads\/2023\/02\/rakennushistoria.jpg\",\"contentUrl\":\"https:\/\/maanomistajainliitto.fi\/wp-content\/uploads\/2023\/02\/rakennushistoria.jpg\",\"width\":1980,\"height\":1080},{\"@type\":\"BreadcrumbList\",\"@id\":\"https:\/\/maanomistajainliitto.fi\/sv\/byggnadshistoria\/#breadcrumb\",\"itemListElement\":[{\"@type\":\"ListItem\",\"position\":1,\"name\":\"Etusivu\",\"item\":\"https:\/\/maanomistajainliitto.fi\/sv\/\"},{\"@type\":\"ListItem\",\"position\":2,\"name\":\"Byggnadshistoria\"}]},{\"@type\":\"WebSite\",\"@id\":\"https:\/\/maanomistajainliitto.fi\/sv\/#website\",\"url\":\"https:\/\/maanomistajainliitto.fi\/sv\/\",\"name\":\"Maanomistajain Liitto\",\"description\":\"Maanomistajien edunvalvonta- ja neuvontaj&auml;rjest&ouml;\",\"potentialAction\":[{\"@type\":\"SearchAction\",\"target\":{\"@type\":\"EntryPoint\",\"urlTemplate\":\"https:\/\/maanomistajainliitto.fi\/sv\/?s={search_term_string}\"},\"query-input\":{\"@type\":\"PropertyValueSpecification\",\"valueRequired\":true,\"valueName\":\"search_term_string\"}}],\"inLanguage\":\"sv-SE\"}]}<\/script>\n<!-- \/ Yoast SEO plugin. -->","yoast_head_json":{"title":"Byggnadshistoria - Jord\u00e4garnas F\u00f6rbund","description":"F\u00f6rbundets sektion f\u00f6r byggnadshistoria bevakar intressena f\u00f6r \u00e4gare av kulturhistoriskt v\u00e4rdefulla objekt.","robots":{"index":"index","follow":"follow","max-snippet":"max-snippet:-1","max-image-preview":"max-image-preview:large","max-video-preview":"max-video-preview:-1"},"canonical":"https:\/\/maanomistajainliitto.fi\/sv\/byggnadshistoria\/","og_locale":"sv_SE","og_type":"article","og_title":"Byggnadshistoria - Jord\u00e4garnas F\u00f6rbund","og_description":"F\u00f6rbundets sektion f\u00f6r byggnadshistoria bevakar intressena f\u00f6r \u00e4gare av kulturhistoriskt v\u00e4rdefulla objekt.","og_url":"https:\/\/maanomistajainliitto.fi\/sv\/byggnadshistoria\/","og_site_name":"Maanomistajain Liitto","article_modified_time":"2025-04-03T12:06:18+00:00","og_image":[{"width":1980,"height":1080,"url":"https:\/\/maanomistajainliitto.fi\/wp-content\/uploads\/2023\/02\/rakennushistoria.jpg","type":"image\/jpeg"}],"twitter_card":"summary_large_image","twitter_misc":{"Ber\u00e4knad l\u00e4stid":"5 minuter"},"schema":{"@context":"https:\/\/schema.org","@graph":[{"@type":"WebPage","@id":"https:\/\/maanomistajainliitto.fi\/sv\/byggnadshistoria\/","url":"https:\/\/maanomistajainliitto.fi\/sv\/byggnadshistoria\/","name":"Byggnadshistoria - Jord\u00e4garnas F\u00f6rbund","isPartOf":{"@id":"https:\/\/maanomistajainliitto.fi\/sv\/#website"},"primaryImageOfPage":{"@id":"https:\/\/maanomistajainliitto.fi\/sv\/byggnadshistoria\/#primaryimage"},"image":{"@id":"https:\/\/maanomistajainliitto.fi\/sv\/byggnadshistoria\/#primaryimage"},"thumbnailUrl":"https:\/\/maanomistajainliitto.fi\/wp-content\/uploads\/2023\/02\/rakennushistoria.jpg","datePublished":"2023-02-18T14:02:10+00:00","dateModified":"2025-04-03T12:06:18+00:00","description":"F\u00f6rbundets sektion f\u00f6r byggnadshistoria bevakar intressena f\u00f6r \u00e4gare av kulturhistoriskt v\u00e4rdefulla objekt.","breadcrumb":{"@id":"https:\/\/maanomistajainliitto.fi\/sv\/byggnadshistoria\/#breadcrumb"},"inLanguage":"sv-SE","potentialAction":[{"@type":"ReadAction","target":["https:\/\/maanomistajainliitto.fi\/sv\/byggnadshistoria\/"]}]},{"@type":"ImageObject","inLanguage":"sv-SE","@id":"https:\/\/maanomistajainliitto.fi\/sv\/byggnadshistoria\/#primaryimage","url":"https:\/\/maanomistajainliitto.fi\/wp-content\/uploads\/2023\/02\/rakennushistoria.jpg","contentUrl":"https:\/\/maanomistajainliitto.fi\/wp-content\/uploads\/2023\/02\/rakennushistoria.jpg","width":1980,"height":1080},{"@type":"BreadcrumbList","@id":"https:\/\/maanomistajainliitto.fi\/sv\/byggnadshistoria\/#breadcrumb","itemListElement":[{"@type":"ListItem","position":1,"name":"Etusivu","item":"https:\/\/maanomistajainliitto.fi\/sv\/"},{"@type":"ListItem","position":2,"name":"Byggnadshistoria"}]},{"@type":"WebSite","@id":"https:\/\/maanomistajainliitto.fi\/sv\/#website","url":"https:\/\/maanomistajainliitto.fi\/sv\/","name":"Maanomistajain Liitto","description":"Maanomistajien edunvalvonta- ja neuvontaj&auml;rjest&ouml;","potentialAction":[{"@type":"SearchAction","target":{"@type":"EntryPoint","urlTemplate":"https:\/\/maanomistajainliitto.fi\/sv\/?s={search_term_string}"},"query-input":{"@type":"PropertyValueSpecification","valueRequired":true,"valueName":"search_term_string"}}],"inLanguage":"sv-SE"}]}},"_links":{"self":[{"href":"https:\/\/maanomistajainliitto.fi\/sv\/wp-json\/wp\/v2\/pages\/1478"}],"collection":[{"href":"https:\/\/maanomistajainliitto.fi\/sv\/wp-json\/wp\/v2\/pages"}],"about":[{"href":"https:\/\/maanomistajainliitto.fi\/sv\/wp-json\/wp\/v2\/types\/page"}],"author":[{"embeddable":true,"href":"https:\/\/maanomistajainliitto.fi\/sv\/wp-json\/wp\/v2\/users\/1"}],"replies":[{"embeddable":true,"href":"https:\/\/maanomistajainliitto.fi\/sv\/wp-json\/wp\/v2\/comments?post=1478"}],"version-history":[{"count":4,"href":"https:\/\/maanomistajainliitto.fi\/sv\/wp-json\/wp\/v2\/pages\/1478\/revisions"}],"predecessor-version":[{"id":1796,"href":"https:\/\/maanomistajainliitto.fi\/sv\/wp-json\/wp\/v2\/pages\/1478\/revisions\/1796"}],"wp:featuredmedia":[{"embeddable":true,"href":"https:\/\/maanomistajainliitto.fi\/sv\/wp-json\/wp\/v2\/media\/1237"}],"wp:attachment":[{"href":"https:\/\/maanomistajainliitto.fi\/sv\/wp-json\/wp\/v2\/media?parent=1478"}],"curies":[{"name":"wp","href":"https:\/\/api.w.org\/{rel}","templated":true}]}}