{"id":1493,"date":"2023-02-18T16:01:49","date_gmt":"2023-02-18T14:01:49","guid":{"rendered":"https:\/\/maanomistajainliitto.fi\/ajankohtaista\/"},"modified":"2024-09-25T12:40:13","modified_gmt":"2024-09-25T09:40:13","slug":"nyheter","status":"publish","type":"page","link":"https:\/\/maanomistajainliitto.fi\/sv\/nyheter\/","title":{"rendered":"Nyheter"},"content":{"rendered":"<section class=\"l-section wpb_row height_auto with_img\"><div class=\"l-section-img\" role=\"img\" data-img-width=\"1980\" data-img-height=\"1080\" style=\"background-image: url(https:\/\/maanomistajainliitto.fi\/wp-content\/uploads\/2023\/02\/kalastajat.jpg);background-position: center right;background-repeat: no-repeat;\"><\/div><div class=\"l-section-h i-cf\"><div class=\"g-cols vc_row via_flex valign_top type_default stacking_default\"><div class=\"vc_col-sm-12 wpb_column vc_column_container\"><div class=\"vc_column-inner\"><div class=\"wpb_wrapper\"><div class=\"w-separator size_custom\" style=\"height:400px\"><\/div><\/div><\/div><\/div><\/div><\/div><\/section><section class=\"l-section wpb_row height_large width_full\"><div class=\"l-section-h i-cf\"><div class=\"g-cols vc_row via_flex valign_top type_default stacking_default\"><div class=\"vc_col-sm-12 wpb_column vc_column_container\"><div class=\"vc_column-inner\"><div class=\"wpb_wrapper\"><h1 class=\"w-text us_custom_eb849559\"><span class=\"w-text-h\"><span class=\"w-text-value\">Nyheter<\/span><\/span><\/h1><div class=\"w-grid us_custom_cdd27b11 type_grid layout_168 cols_4 pagination_ajax overflow_hidden with_filters\" id=\"us_grid_1\" style=\"--columns:4;--gap:0.5rem;\"><style>@media (max-width:1024px){#us_grid_1{--columns:2!important}}@media (max-width:600px){#us_grid_1{--columns:1!important}}.layout_168 .w-grid-item-h{background:var(--color-alt-content-bg);color:var(--color-content-text)}.layout_168 .usg_post_title_1{font-size:20px!important;line-height:30px!important;letter-spacing:0em!important;font-weight:600!important}.layout_168 .usg_vwrapper_1{padding:7% 8% 6% 8%!important}.layout_168 .usg_post_content_1{font-size:17px!important;line-height:27px!important}.layout_168 .usg_btn_1{font-weight:500!important}.layout_168 .usg_post_date_1{font-size:13px!important}@media (max-width:600px){.layout_168 .usg_post_title_1{font-size:1.2rem!important}}<\/style><div class=\"g-filters style_3 align_left\"><button class=\"g-filters-item active\" data-taxonomy=\"betradande\" data-amount=\"1\"><span>Betr\u00e4dande<\/span><span class=\"g-filters-item-amount\">1<\/span><\/button><button class=\"g-filters-item\" data-taxonomy=\"event\" data-amount=\"4\"><span>Event<\/span><span class=\"g-filters-item-amount\">4<\/span><\/button><button class=\"g-filters-item\" data-taxonomy=\"nyheter\" data-amount=\"21\"><span>Nyheter<\/span><span class=\"g-filters-item-amount\">21<\/span><\/button><button class=\"g-filters-item\" data-taxonomy=\"utlatande\" data-amount=\"9\"><span>Utl\u00e5tande<\/span><span class=\"g-filters-item-amount\">9<\/span><\/button><\/div><div class=\"w-grid-list\" data-filter_taxonomy_name=\"category\" data-filter_default_taxonomies=\"betradande\">\t<article class=\"w-grid-item size_1x1 post-1861 post type-post status-publish format-standard has-post-thumbnail hentry category-betradande category-nyheter\" data-id=\"1861\">\r\n\t\t<div class=\"w-grid-item-h\">\r\n\t\t\t\t\t\t<div class=\"w-vwrapper usg_vwrapper_1 align_none valign_top\"><h3 class=\"w-post-elm post_title usg_post_title_1 entry-title color_link_inherit\"><a href=\"https:\/\/maanomistajainliitto.fi\/sv\/skogarnas-koldioxidmarknad-med-i-inblandningsskyldigheten-for-branslen\/\">Skogarnas koldioxidmarknad med i inblandningsskyldigheten f\u00f6r br\u00e4nslen<\/a><\/h3><time class=\"w-post-elm post_date usg_post_date_1 entry-date published\" datetime=\"2025-04-28T15:20:25+03:00\">28.04.25<\/time><div class=\"w-post-elm post_content usg_post_content_1\">F\u00f6r\u00e4ndringen g\u00e4llande inblandningsskyldigheten f\u00f6r f\u00f6rnybara br\u00e4nslen tr\u00e4dde i kraft vid \u00e5rsskiftet. Till metoderna att uppfylla&hellip;<\/div><div class=\"w-hwrapper usg_hwrapper_2 align_right valign_bottom\" style=\"--hwrapper-gap:1.20rem\"><a class=\"w-btn us-btn-style_3 usg_btn_1\" href=\"https:\/\/maanomistajainliitto.fi\/sv\/skogarnas-koldioxidmarknad-med-i-inblandningsskyldigheten-for-branslen\/\"><span class=\"w-btn-label\">L\u00e4s mer<\/span><\/a><\/div><\/div>\t\t<\/div>\r\n\t\t\t<\/article>\r\n<\/div><div class=\"w-grid-preloader\">\t<div class=\"g-preloader type_1\">\r\n\t\t<div><\/div>\r\n\t<\/div>\r\n\t<\/div>\t<div class=\"w-grid-json hidden\" onclick='return {&quot;action&quot;:&quot;us_ajax_grid&quot;,&quot;infinite_scroll&quot;:0,&quot;max_num_pages&quot;:1,&quot;pagination&quot;:&quot;ajax&quot;,&quot;template_vars&quot;:{&quot;columns&quot;:&quot;4&quot;,&quot;exclude_items&quot;:&quot;none&quot;,&quot;img_size&quot;:&quot;default&quot;,&quot;ignore_items_size&quot;:0,&quot;items_layout&quot;:&quot;168&quot;,&quot;items_offset&quot;:&quot;1&quot;,&quot;load_animation&quot;:&quot;none&quot;,&quot;overriding_link&quot;:&quot;%7B%22url%22%3A%22%22%7D&quot;,&quot;post_id&quot;:0,&quot;query_args&quot;:{&quot;post_type&quot;:[&quot;post&quot;],&quot;tax_query&quot;:[{&quot;taxonomy&quot;:&quot;category&quot;,&quot;field&quot;:&quot;slug&quot;,&quot;terms&quot;:&quot;betradande&quot;}],&quot;post_status&quot;:[&quot;publish&quot;],&quot;posts_per_page&quot;:&quot;20&quot;},&quot;orderby_query_args&quot;:{&quot;orderby&quot;:{&quot;date&quot;:&quot;DESC&quot;}},&quot;type&quot;:&quot;grid&quot;,&quot;us_grid_post_type&quot;:&quot;post&quot;,&quot;us_grid_ajax_index&quot;:1,&quot;us_grid_filter_query_string&quot;:null,&quot;us_grid_index&quot;:1,&quot;page_args&quot;:[],&quot;lang&quot;:&quot;sv&quot;}}'><\/div>\r\n\t<\/div><\/div><\/div><\/div><\/div><\/div><\/section>\n","protected":false},"excerpt":{"rendered":"F\u00f6r\u00e4ndringen g\u00e4llande inblandningsskyldigheten f\u00f6r f\u00f6rnybara br\u00e4nslen tr\u00e4dde i kraft vid \u00e5rsskiftet. Till metoderna att uppfylla skyldigheten tillades m\u00f6jligheten f\u00f6r br\u00e4nsledistribut\u00f6ren att finansiera utsl\u00e4ppsminsknings\u00e5tg\u00e4rder som genomf\u00f6rs i Finland, som t.ex. skogarnas koldioxidbindning. Distribut\u00f6ren kan v\u00e4lja att uppfylla sin distributionsskyldighet med h\u00f6gst 5,5 procentenheter, varav h\u00f6gst 1 procentenhet utg\u00f6rs av \u00e5tg\u00e4rder fr\u00e5n markanv\u00e4ndningssektorn. Enligt Jord\u00e4garnas F\u00f6rbund \u00f6ppnar...","protected":false},"author":1,"featured_media":1221,"parent":0,"menu_order":7,"comment_status":"closed","ping_status":"closed","template":"","meta":{"footnotes":""},"class_list":["post-1493","page","type-page","status-publish","has-post-thumbnail","hentry"],"yoast_head":"<!-- This site is optimized with the Yoast SEO plugin v25.0 - https:\/\/yoast.com\/wordpress\/plugins\/seo\/ -->\n<title>Nyheter - Jord\u00e4garnas F\u00f6rbund<\/title>\n<meta name=\"robots\" content=\"index, follow, max-snippet:-1, max-image-preview:large, max-video-preview:-1\" \/>\n<link rel=\"canonical\" href=\"https:\/\/maanomistajainliitto.fi\/sv\/nyheter\/\" \/>\n<meta property=\"og:locale\" content=\"sv_SE\" \/>\n<meta property=\"og:type\" content=\"article\" \/>\n<meta property=\"og:title\" content=\"Nyheter - Jord\u00e4garnas F\u00f6rbund\" \/>\n<meta property=\"og:url\" content=\"https:\/\/maanomistajainliitto.fi\/sv\/nyheter\/\" \/>\n<meta property=\"og:site_name\" content=\"Maanomistajain Liitto\" \/>\n<meta property=\"article:modified_time\" content=\"2024-09-25T09:40:13+00:00\" \/>\n<meta property=\"og:image\" content=\"https:\/\/maanomistajainliitto.fi\/wp-content\/uploads\/2023\/02\/kalastajat.jpg\" \/>\n\t<meta property=\"og:image:width\" content=\"1980\" \/>\n\t<meta property=\"og:image:height\" content=\"1080\" \/>\n\t<meta property=\"og:image:type\" content=\"image\/jpeg\" \/>\n<meta name=\"twitter:card\" content=\"summary_large_image\" \/>\n<meta name=\"twitter:label1\" content=\"Ber\u00e4knad l\u00e4stid\" \/>\n\t<meta name=\"twitter:data1\" content=\"1 minut\" \/>\n<script type=\"application\/ld+json\" class=\"yoast-schema-graph\">{\"@context\":\"https:\/\/schema.org\",\"@graph\":[{\"@type\":\"WebPage\",\"@id\":\"https:\/\/maanomistajainliitto.fi\/sv\/nyheter\/\",\"url\":\"https:\/\/maanomistajainliitto.fi\/sv\/nyheter\/\",\"name\":\"Nyheter - Jord\u00e4garnas F\u00f6rbund\",\"isPartOf\":{\"@id\":\"https:\/\/maanomistajainliitto.fi\/sv\/#website\"},\"primaryImageOfPage\":{\"@id\":\"https:\/\/maanomistajainliitto.fi\/sv\/nyheter\/#primaryimage\"},\"image\":{\"@id\":\"https:\/\/maanomistajainliitto.fi\/sv\/nyheter\/#primaryimage\"},\"thumbnailUrl\":\"https:\/\/maanomistajainliitto.fi\/wp-content\/uploads\/2023\/02\/kalastajat.jpg\",\"datePublished\":\"2023-02-18T14:01:49+00:00\",\"dateModified\":\"2024-09-25T09:40:13+00:00\",\"breadcrumb\":{\"@id\":\"https:\/\/maanomistajainliitto.fi\/sv\/nyheter\/#breadcrumb\"},\"inLanguage\":\"sv-SE\",\"potentialAction\":[{\"@type\":\"ReadAction\",\"target\":[\"https:\/\/maanomistajainliitto.fi\/sv\/nyheter\/\"]}]},{\"@type\":\"ImageObject\",\"inLanguage\":\"sv-SE\",\"@id\":\"https:\/\/maanomistajainliitto.fi\/sv\/nyheter\/#primaryimage\",\"url\":\"https:\/\/maanomistajainliitto.fi\/wp-content\/uploads\/2023\/02\/kalastajat.jpg\",\"contentUrl\":\"https:\/\/maanomistajainliitto.fi\/wp-content\/uploads\/2023\/02\/kalastajat.jpg\",\"width\":1980,\"height\":1080},{\"@type\":\"BreadcrumbList\",\"@id\":\"https:\/\/maanomistajainliitto.fi\/sv\/nyheter\/#breadcrumb\",\"itemListElement\":[{\"@type\":\"ListItem\",\"position\":1,\"name\":\"Etusivu\",\"item\":\"https:\/\/maanomistajainliitto.fi\/sv\/\"},{\"@type\":\"ListItem\",\"position\":2,\"name\":\"Nyheter\"}]},{\"@type\":\"WebSite\",\"@id\":\"https:\/\/maanomistajainliitto.fi\/sv\/#website\",\"url\":\"https:\/\/maanomistajainliitto.fi\/sv\/\",\"name\":\"Maanomistajain Liitto\",\"description\":\"Maanomistajien edunvalvonta- ja neuvontaj&auml;rjest&ouml;\",\"potentialAction\":[{\"@type\":\"SearchAction\",\"target\":{\"@type\":\"EntryPoint\",\"urlTemplate\":\"https:\/\/maanomistajainliitto.fi\/sv\/?s={search_term_string}\"},\"query-input\":{\"@type\":\"PropertyValueSpecification\",\"valueRequired\":true,\"valueName\":\"search_term_string\"}}],\"inLanguage\":\"sv-SE\"}]}<\/script>\n<!-- \/ Yoast SEO plugin. -->","yoast_head_json":{"title":"Nyheter - Jord\u00e4garnas F\u00f6rbund","robots":{"index":"index","follow":"follow","max-snippet":"max-snippet:-1","max-image-preview":"max-image-preview:large","max-video-preview":"max-video-preview:-1"},"canonical":"https:\/\/maanomistajainliitto.fi\/sv\/nyheter\/","og_locale":"sv_SE","og_type":"article","og_title":"Nyheter - Jord\u00e4garnas F\u00f6rbund","og_url":"https:\/\/maanomistajainliitto.fi\/sv\/nyheter\/","og_site_name":"Maanomistajain Liitto","article_modified_time":"2024-09-25T09:40:13+00:00","og_image":[{"width":1980,"height":1080,"url":"https:\/\/maanomistajainliitto.fi\/wp-content\/uploads\/2023\/02\/kalastajat.jpg","type":"image\/jpeg"}],"twitter_card":"summary_large_image","twitter_misc":{"Ber\u00e4knad l\u00e4stid":"1 minut"},"schema":{"@context":"https:\/\/schema.org","@graph":[{"@type":"WebPage","@id":"https:\/\/maanomistajainliitto.fi\/sv\/nyheter\/","url":"https:\/\/maanomistajainliitto.fi\/sv\/nyheter\/","name":"Nyheter - Jord\u00e4garnas F\u00f6rbund","isPartOf":{"@id":"https:\/\/maanomistajainliitto.fi\/sv\/#website"},"primaryImageOfPage":{"@id":"https:\/\/maanomistajainliitto.fi\/sv\/nyheter\/#primaryimage"},"image":{"@id":"https:\/\/maanomistajainliitto.fi\/sv\/nyheter\/#primaryimage"},"thumbnailUrl":"https:\/\/maanomistajainliitto.fi\/wp-content\/uploads\/2023\/02\/kalastajat.jpg","datePublished":"2023-02-18T14:01:49+00:00","dateModified":"2024-09-25T09:40:13+00:00","breadcrumb":{"@id":"https:\/\/maanomistajainliitto.fi\/sv\/nyheter\/#breadcrumb"},"inLanguage":"sv-SE","potentialAction":[{"@type":"ReadAction","target":["https:\/\/maanomistajainliitto.fi\/sv\/nyheter\/"]}]},{"@type":"ImageObject","inLanguage":"sv-SE","@id":"https:\/\/maanomistajainliitto.fi\/sv\/nyheter\/#primaryimage","url":"https:\/\/maanomistajainliitto.fi\/wp-content\/uploads\/2023\/02\/kalastajat.jpg","contentUrl":"https:\/\/maanomistajainliitto.fi\/wp-content\/uploads\/2023\/02\/kalastajat.jpg","width":1980,"height":1080},{"@type":"BreadcrumbList","@id":"https:\/\/maanomistajainliitto.fi\/sv\/nyheter\/#breadcrumb","itemListElement":[{"@type":"ListItem","position":1,"name":"Etusivu","item":"https:\/\/maanomistajainliitto.fi\/sv\/"},{"@type":"ListItem","position":2,"name":"Nyheter"}]},{"@type":"WebSite","@id":"https:\/\/maanomistajainliitto.fi\/sv\/#website","url":"https:\/\/maanomistajainliitto.fi\/sv\/","name":"Maanomistajain Liitto","description":"Maanomistajien edunvalvonta- ja neuvontaj&auml;rjest&ouml;","potentialAction":[{"@type":"SearchAction","target":{"@type":"EntryPoint","urlTemplate":"https:\/\/maanomistajainliitto.fi\/sv\/?s={search_term_string}"},"query-input":{"@type":"PropertyValueSpecification","valueRequired":true,"valueName":"search_term_string"}}],"inLanguage":"sv-SE"}]}},"_links":{"self":[{"href":"https:\/\/maanomistajainliitto.fi\/sv\/wp-json\/wp\/v2\/pages\/1493"}],"collection":[{"href":"https:\/\/maanomistajainliitto.fi\/sv\/wp-json\/wp\/v2\/pages"}],"about":[{"href":"https:\/\/maanomistajainliitto.fi\/sv\/wp-json\/wp\/v2\/types\/page"}],"author":[{"embeddable":true,"href":"https:\/\/maanomistajainliitto.fi\/sv\/wp-json\/wp\/v2\/users\/1"}],"replies":[{"embeddable":true,"href":"https:\/\/maanomistajainliitto.fi\/sv\/wp-json\/wp\/v2\/comments?post=1493"}],"version-history":[{"count":2,"href":"https:\/\/maanomistajainliitto.fi\/sv\/wp-json\/wp\/v2\/pages\/1493\/revisions"}],"predecessor-version":[{"id":2066,"href":"https:\/\/maanomistajainliitto.fi\/sv\/wp-json\/wp\/v2\/pages\/1493\/revisions\/2066"}],"wp:featuredmedia":[{"embeddable":true,"href":"https:\/\/maanomistajainliitto.fi\/sv\/wp-json\/wp\/v2\/media\/1221"}],"wp:attachment":[{"href":"https:\/\/maanomistajainliitto.fi\/sv\/wp-json\/wp\/v2\/media?parent=1493"}],"curies":[{"name":"wp","href":"https:\/\/api.w.org\/{rel}","templated":true}]}}