{"id":1808,"date":"2025-03-21T12:47:33","date_gmt":"2025-03-21T10:47:33","guid":{"rendered":"https:\/\/maanomistajainliitto.fi\/publikations\/videot\/"},"modified":"2025-04-11T12:47:44","modified_gmt":"2025-04-11T09:47:44","slug":"videon","status":"publish","type":"page","link":"https:\/\/maanomistajainliitto.fi\/sv\/publikations\/videon\/","title":{"rendered":"Videon"},"content":{"rendered":"<section class=\"l-section wpb_row height_auto with_img\"><div class=\"l-section-img\" role=\"img\" data-img-width=\"1373\" data-img-height=\"773\" style=\"background-image: url(https:\/\/maanomistajainliitto.fi\/wp-content\/uploads\/2024\/09\/kuva_lehtikuusi_04.jpg);background-repeat: no-repeat;\"><\/div><div class=\"l-section-h i-cf\"><div class=\"g-cols vc_row via_flex valign_top type_default stacking_default\"><div class=\"vc_col-sm-12 wpb_column vc_column_container\"><div class=\"vc_column-inner\"><div class=\"wpb_wrapper\"><div class=\"w-separator size_custom\" style=\"height:400px\"><\/div><\/div><\/div><\/div><\/div><\/div><\/section><section class=\"l-section wpb_row height_medium\"><div class=\"l-section-h i-cf\"><div class=\"g-cols vc_row via_flex valign_top type_default stacking_default\"><div class=\"vc_col-sm-12 vc_col-lg-9 vc_col-md-9 wpb_column vc_column_container\"><div class=\"vc_column-inner\"><div class=\"wpb_wrapper\"><h1 class=\"w-text\"><span class=\"w-text-h\"><span class=\"w-text-value\">Videon<\/span><\/span><\/h1><div class=\"wpb_text_column\"><div class=\"wpb_wrapper\"><p>Hur \u00e4r det att \u00e4ga mark i 2020-talets Finland? Vad \u00e4r mark\u00e4garens roll i samh\u00e4llet?<\/p>\n<\/div><\/div><\/div><\/div><\/div><div class=\"vc_col-sm-3 vc_hidden-sm vc_hidden-xs wpb_column vc_column_container\"><div class=\"vc_column-inner\"><div class=\"wpb_wrapper\"><\/div><\/div><\/div><\/div><\/div><\/section><section class=\"l-section wpb_row height_small\"><div class=\"l-section-h i-cf\"><div class=\"g-cols vc_row via_flex valign_top type_default stacking_default\"><div class=\"vc_col-sm-12 wpb_column vc_column_container\"><div class=\"vc_column-inner\"><div class=\"wpb_wrapper\"><div class=\"g-cols wpb_row via_flex valign_top type_default stacking_default\"><div class=\"vc_col-sm-6 wpb_column vc_column_container\"><div class=\"vc_column-inner\"><div class=\"wpb_wrapper\"><div class=\"w-video align_none ratio_16x9 has_iframe\"><div class=\"w-video-h\"><iframe title=\"Youtube video player\" src=\"\/\/www.youtube.com\/embed\/OLmAu-qxkg0?autoplay=0&controls=1&origin=https:\/\/maanomistajainliitto.fi\/sv\/&loop=0&mute=0\" allowfullscreen=\"1\" loading=\"lazy\"><\/iframe><\/div><div class=\"w-video-icon\" style=\"font-size:1.5rem;background:rgba(0,0,0,0.5);color:#fff\"><\/div><\/div><\/div><\/div><\/div><div class=\"vc_col-sm-6 wpb_column vc_column_container\"><div class=\"vc_column-inner\"><div class=\"wpb_wrapper\"><div class=\"w-video align_none ratio_16x9 has_iframe\"><div class=\"w-video-h\"><iframe title=\"Youtube video player\" src=\"\/\/www.youtube.com\/embed\/p5E5zvMTIwU?autoplay=0&controls=1&origin=https:\/\/maanomistajainliitto.fi\/sv\/&loop=0&mute=0\" allowfullscreen=\"1\" loading=\"lazy\"><\/iframe><\/div><div class=\"w-video-icon\" style=\"font-size:1.5rem;background:rgba(0,0,0,0.5);color:#fff\"><\/div><\/div><\/div><\/div><\/div><\/div><div class=\"w-separator size_medium\"><\/div><div class=\"g-cols wpb_row via_flex valign_top type_default stacking_default\"><div class=\"vc_col-sm-6 wpb_column vc_column_container\"><div class=\"vc_column-inner\"><div class=\"wpb_wrapper\"><div class=\"w-video align_none ratio_16x9 has_iframe\"><div class=\"w-video-h\"><iframe title=\"Youtube video player\" src=\"\/\/www.youtube.com\/embed\/fsj1UIfm9Jk?autoplay=0&controls=1&origin=https:\/\/maanomistajainliitto.fi\/sv\/&loop=0&mute=0\" allowfullscreen=\"1\" loading=\"lazy\"><\/iframe><\/div><div class=\"w-video-icon\" style=\"font-size:1.5rem;background:rgba(0,0,0,0.5);color:#fff\"><\/div><\/div><\/div><\/div><\/div><div class=\"vc_col-sm-6 wpb_column vc_column_container\"><div class=\"vc_column-inner\"><div class=\"wpb_wrapper\"><div class=\"w-video align_none ratio_16x9 has_iframe\"><div class=\"w-video-h\"><iframe title=\"Youtube video player\" src=\"\/\/www.youtube.com\/embed\/j49Ud79auZc?autoplay=0&controls=1&origin=https:\/\/maanomistajainliitto.fi\/sv\/&loop=0&mute=0\" allowfullscreen=\"1\" loading=\"lazy\"><\/iframe><\/div><div class=\"w-video-icon\" style=\"font-size:1.5rem;background:rgba(0,0,0,0.5);color:#fff\"><\/div><\/div><\/div><\/div><\/div><\/div><div class=\"w-separator size_medium\"><\/div><div class=\"g-cols wpb_row via_flex valign_top type_default stacking_default\"><div class=\"vc_col-sm-6 wpb_column vc_column_container\"><div class=\"vc_column-inner\"><div class=\"wpb_wrapper\"><div class=\"w-video align_none ratio_16x9 has_iframe\"><div class=\"w-video-h\"><iframe title=\"Youtube video player\" src=\"\/\/www.youtube.com\/embed\/QriVuIhR1hY?autoplay=0&controls=1&origin=https:\/\/maanomistajainliitto.fi\/sv\/&loop=0&mute=0\" allowfullscreen=\"1\" loading=\"lazy\"><\/iframe><\/div><div class=\"w-video-icon\" style=\"font-size:1.5rem;background:rgba(0,0,0,0.5);color:#fff\"><\/div><\/div><\/div><\/div><\/div><div class=\"vc_col-sm-6 wpb_column vc_column_container\"><div class=\"vc_column-inner\"><div class=\"wpb_wrapper\"><div class=\"w-video align_none ratio_16x9 has_iframe\"><div class=\"w-video-h\"><iframe title=\"Youtube video player\" src=\"\/\/www.youtube.com\/embed\/fghiYEGBtbA?autoplay=0&controls=1&origin=https:\/\/maanomistajainliitto.fi\/sv\/&loop=0&mute=0\" allowfullscreen=\"1\" loading=\"lazy\"><\/iframe><\/div><div class=\"w-video-icon\" style=\"font-size:1.5rem;background:rgba(0,0,0,0.5);color:#fff\"><\/div><\/div><\/div><\/div><\/div><\/div><div class=\"w-separator size_medium\"><\/div><div class=\"g-cols wpb_row via_flex valign_top type_default stacking_default\"><div class=\"vc_col-sm-6 wpb_column vc_column_container\"><div class=\"vc_column-inner\"><div class=\"wpb_wrapper\"><div class=\"w-video align_none ratio_16x9 has_iframe\"><div class=\"w-video-h\"><iframe title=\"Youtube video player\" src=\"\/\/www.youtube.com\/embed\/IbmJ3U6Zf6k?autoplay=0&controls=1&origin=https:\/\/maanomistajainliitto.fi\/sv\/&loop=0&mute=0\" allowfullscreen=\"1\" loading=\"lazy\"><\/iframe><\/div><div class=\"w-video-icon\" style=\"font-size:1.5rem;background:rgba(0,0,0,0.5);color:#fff\"><\/div><\/div><\/div><\/div><\/div><div class=\"vc_col-sm-6 wpb_column vc_column_container\"><div class=\"vc_column-inner\"><div class=\"wpb_wrapper\"><div class=\"w-video align_none ratio_16x9 has_iframe\"><div class=\"w-video-h\"><iframe title=\"Youtube video player\" src=\"\/\/www.youtube.com\/embed\/HnwsMvYKZVQ?autoplay=0&controls=1&origin=https:\/\/maanomistajainliitto.fi\/sv\/&loop=0&mute=0\" allowfullscreen=\"1\" loading=\"lazy\"><\/iframe><\/div><div class=\"w-video-icon\" style=\"font-size:1.5rem;background:rgba(0,0,0,0.5);color:#fff\"><\/div><\/div><\/div><\/div><\/div><\/div><div class=\"w-separator size_medium\"><\/div><div class=\"g-cols wpb_row via_flex valign_top type_default stacking_default\"><div class=\"vc_col-sm-6 wpb_column vc_column_container\"><div class=\"vc_column-inner\"><div class=\"wpb_wrapper\"><div class=\"w-video align_none ratio_16x9 has_iframe\"><div class=\"w-video-h\"><iframe title=\"Youtube video player\" src=\"\/\/www.youtube.com\/embed\/BzAQuTtNyP4?autoplay=0&controls=1&origin=https:\/\/maanomistajainliitto.fi\/sv\/&loop=0&mute=0\" allowfullscreen=\"1\" loading=\"lazy\"><\/iframe><\/div><div class=\"w-video-icon\" style=\"font-size:1.5rem;background:rgba(0,0,0,0.5);color:#fff\"><\/div><\/div><\/div><\/div><\/div><div class=\"vc_col-sm-6 wpb_column vc_column_container\"><div class=\"vc_column-inner\"><div class=\"wpb_wrapper\"><div class=\"w-video align_none ratio_16x9 has_iframe\"><div class=\"w-video-h\"><iframe title=\"Youtube video player\" src=\"\/\/www.youtube.com\/embed\/lps5wF8Plrc?autoplay=0&controls=1&origin=https:\/\/maanomistajainliitto.fi\/sv\/&loop=0&mute=0\" allowfullscreen=\"1\" loading=\"lazy\"><\/iframe><\/div><div class=\"w-video-icon\" style=\"font-size:1.5rem;background:rgba(0,0,0,0.5);color:#fff\"><\/div><\/div><\/div><\/div><\/div><\/div><\/div><\/div><\/div><\/div><\/div><\/section>\n","protected":false},"excerpt":{"rendered":"VideonHur \u00e4r det att \u00e4ga mark i 2020-talets Finland? Vad \u00e4r mark\u00e4garens roll i samh\u00e4llet?","protected":false},"author":1,"featured_media":1450,"parent":1474,"menu_order":0,"comment_status":"closed","ping_status":"closed","template":"","meta":{"footnotes":""},"class_list":["post-1808","page","type-page","status-publish","has-post-thumbnail","hentry"],"yoast_head":"<!-- This site is optimized with the Yoast SEO plugin v25.0 - https:\/\/yoast.com\/wordpress\/plugins\/seo\/ -->\n<title>Videon - Maanomistajain Liitto<\/title>\n<meta name=\"description\" content=\"Hur \u00e4r det att \u00e4ga mark i 2020-talets Finland? Vad \u00e4r mark\u00e4garens roll i samh\u00e4llet?\" \/>\n<meta name=\"robots\" content=\"index, follow, max-snippet:-1, max-image-preview:large, max-video-preview:-1\" \/>\n<link rel=\"canonical\" href=\"https:\/\/maanomistajainliitto.fi\/sv\/publikations\/videon\/\" \/>\n<meta property=\"og:locale\" content=\"sv_SE\" \/>\n<meta property=\"og:type\" content=\"article\" \/>\n<meta property=\"og:title\" content=\"Videon - Maanomistajain Liitto\" \/>\n<meta property=\"og:description\" content=\"Hur \u00e4r det att \u00e4ga mark i 2020-talets Finland? Vad \u00e4r mark\u00e4garens roll i samh\u00e4llet?\" \/>\n<meta property=\"og:url\" content=\"https:\/\/maanomistajainliitto.fi\/sv\/publikations\/videon\/\" \/>\n<meta property=\"og:site_name\" content=\"Maanomistajain Liitto\" \/>\n<meta property=\"article:modified_time\" content=\"2025-04-11T09:47:44+00:00\" \/>\n<meta property=\"og:image\" content=\"https:\/\/maanomistajainliitto.fi\/wp-content\/uploads\/2024\/09\/kuva_lehtikuusi_04.jpg\" \/>\n\t<meta property=\"og:image:width\" content=\"1373\" \/>\n\t<meta property=\"og:image:height\" content=\"773\" \/>\n\t<meta property=\"og:image:type\" content=\"image\/jpeg\" \/>\n<meta name=\"twitter:card\" content=\"summary_large_image\" \/>\n<meta name=\"twitter:label1\" content=\"Ber\u00e4knad l\u00e4stid\" \/>\n\t<meta name=\"twitter:data1\" content=\"1 minut\" \/>\n<script type=\"application\/ld+json\" class=\"yoast-schema-graph\">{\"@context\":\"https:\/\/schema.org\",\"@graph\":[{\"@type\":\"WebPage\",\"@id\":\"https:\/\/maanomistajainliitto.fi\/sv\/publikations\/videon\/\",\"url\":\"https:\/\/maanomistajainliitto.fi\/sv\/publikations\/videon\/\",\"name\":\"Videon - Maanomistajain Liitto\",\"isPartOf\":{\"@id\":\"https:\/\/maanomistajainliitto.fi\/sv\/#website\"},\"primaryImageOfPage\":{\"@id\":\"https:\/\/maanomistajainliitto.fi\/sv\/publikations\/videon\/#primaryimage\"},\"image\":{\"@id\":\"https:\/\/maanomistajainliitto.fi\/sv\/publikations\/videon\/#primaryimage\"},\"thumbnailUrl\":\"https:\/\/maanomistajainliitto.fi\/wp-content\/uploads\/2024\/09\/kuva_lehtikuusi_04.jpg\",\"datePublished\":\"2025-03-21T10:47:33+00:00\",\"dateModified\":\"2025-04-11T09:47:44+00:00\",\"description\":\"Hur \u00e4r det att \u00e4ga mark i 2020-talets Finland? Vad \u00e4r mark\u00e4garens roll i samh\u00e4llet?\",\"breadcrumb\":{\"@id\":\"https:\/\/maanomistajainliitto.fi\/sv\/publikations\/videon\/#breadcrumb\"},\"inLanguage\":\"sv-SE\",\"potentialAction\":[{\"@type\":\"ReadAction\",\"target\":[\"https:\/\/maanomistajainliitto.fi\/sv\/publikations\/videon\/\"]}]},{\"@type\":\"ImageObject\",\"inLanguage\":\"sv-SE\",\"@id\":\"https:\/\/maanomistajainliitto.fi\/sv\/publikations\/videon\/#primaryimage\",\"url\":\"https:\/\/maanomistajainliitto.fi\/wp-content\/uploads\/2024\/09\/kuva_lehtikuusi_04.jpg\",\"contentUrl\":\"https:\/\/maanomistajainliitto.fi\/wp-content\/uploads\/2024\/09\/kuva_lehtikuusi_04.jpg\",\"width\":1373,\"height\":773},{\"@type\":\"BreadcrumbList\",\"@id\":\"https:\/\/maanomistajainliitto.fi\/sv\/publikations\/videon\/#breadcrumb\",\"itemListElement\":[{\"@type\":\"ListItem\",\"position\":1,\"name\":\"Etusivu\",\"item\":\"https:\/\/maanomistajainliitto.fi\/sv\/\"},{\"@type\":\"ListItem\",\"position\":2,\"name\":\"Publikationer\",\"item\":\"https:\/\/maanomistajainliitto.fi\/sv\/publikations\/\"},{\"@type\":\"ListItem\",\"position\":3,\"name\":\"Videon\"}]},{\"@type\":\"WebSite\",\"@id\":\"https:\/\/maanomistajainliitto.fi\/sv\/#website\",\"url\":\"https:\/\/maanomistajainliitto.fi\/sv\/\",\"name\":\"Maanomistajain Liitto\",\"description\":\"Maanomistajien edunvalvonta- ja neuvontaj&auml;rjest&ouml;\",\"potentialAction\":[{\"@type\":\"SearchAction\",\"target\":{\"@type\":\"EntryPoint\",\"urlTemplate\":\"https:\/\/maanomistajainliitto.fi\/sv\/?s={search_term_string}\"},\"query-input\":{\"@type\":\"PropertyValueSpecification\",\"valueRequired\":true,\"valueName\":\"search_term_string\"}}],\"inLanguage\":\"sv-SE\"}]}<\/script>\n<!-- \/ Yoast SEO plugin. -->","yoast_head_json":{"title":"Videon - Maanomistajain Liitto","description":"Hur \u00e4r det att \u00e4ga mark i 2020-talets Finland? Vad \u00e4r mark\u00e4garens roll i samh\u00e4llet?","robots":{"index":"index","follow":"follow","max-snippet":"max-snippet:-1","max-image-preview":"max-image-preview:large","max-video-preview":"max-video-preview:-1"},"canonical":"https:\/\/maanomistajainliitto.fi\/sv\/publikations\/videon\/","og_locale":"sv_SE","og_type":"article","og_title":"Videon - Maanomistajain Liitto","og_description":"Hur \u00e4r det att \u00e4ga mark i 2020-talets Finland? Vad \u00e4r mark\u00e4garens roll i samh\u00e4llet?","og_url":"https:\/\/maanomistajainliitto.fi\/sv\/publikations\/videon\/","og_site_name":"Maanomistajain Liitto","article_modified_time":"2025-04-11T09:47:44+00:00","og_image":[{"width":1373,"height":773,"url":"https:\/\/maanomistajainliitto.fi\/wp-content\/uploads\/2024\/09\/kuva_lehtikuusi_04.jpg","type":"image\/jpeg"}],"twitter_card":"summary_large_image","twitter_misc":{"Ber\u00e4knad l\u00e4stid":"1 minut"},"schema":{"@context":"https:\/\/schema.org","@graph":[{"@type":"WebPage","@id":"https:\/\/maanomistajainliitto.fi\/sv\/publikations\/videon\/","url":"https:\/\/maanomistajainliitto.fi\/sv\/publikations\/videon\/","name":"Videon - Maanomistajain Liitto","isPartOf":{"@id":"https:\/\/maanomistajainliitto.fi\/sv\/#website"},"primaryImageOfPage":{"@id":"https:\/\/maanomistajainliitto.fi\/sv\/publikations\/videon\/#primaryimage"},"image":{"@id":"https:\/\/maanomistajainliitto.fi\/sv\/publikations\/videon\/#primaryimage"},"thumbnailUrl":"https:\/\/maanomistajainliitto.fi\/wp-content\/uploads\/2024\/09\/kuva_lehtikuusi_04.jpg","datePublished":"2025-03-21T10:47:33+00:00","dateModified":"2025-04-11T09:47:44+00:00","description":"Hur \u00e4r det att \u00e4ga mark i 2020-talets Finland? Vad \u00e4r mark\u00e4garens roll i samh\u00e4llet?","breadcrumb":{"@id":"https:\/\/maanomistajainliitto.fi\/sv\/publikations\/videon\/#breadcrumb"},"inLanguage":"sv-SE","potentialAction":[{"@type":"ReadAction","target":["https:\/\/maanomistajainliitto.fi\/sv\/publikations\/videon\/"]}]},{"@type":"ImageObject","inLanguage":"sv-SE","@id":"https:\/\/maanomistajainliitto.fi\/sv\/publikations\/videon\/#primaryimage","url":"https:\/\/maanomistajainliitto.fi\/wp-content\/uploads\/2024\/09\/kuva_lehtikuusi_04.jpg","contentUrl":"https:\/\/maanomistajainliitto.fi\/wp-content\/uploads\/2024\/09\/kuva_lehtikuusi_04.jpg","width":1373,"height":773},{"@type":"BreadcrumbList","@id":"https:\/\/maanomistajainliitto.fi\/sv\/publikations\/videon\/#breadcrumb","itemListElement":[{"@type":"ListItem","position":1,"name":"Etusivu","item":"https:\/\/maanomistajainliitto.fi\/sv\/"},{"@type":"ListItem","position":2,"name":"Publikationer","item":"https:\/\/maanomistajainliitto.fi\/sv\/publikations\/"},{"@type":"ListItem","position":3,"name":"Videon"}]},{"@type":"WebSite","@id":"https:\/\/maanomistajainliitto.fi\/sv\/#website","url":"https:\/\/maanomistajainliitto.fi\/sv\/","name":"Maanomistajain Liitto","description":"Maanomistajien edunvalvonta- ja neuvontaj&auml;rjest&ouml;","potentialAction":[{"@type":"SearchAction","target":{"@type":"EntryPoint","urlTemplate":"https:\/\/maanomistajainliitto.fi\/sv\/?s={search_term_string}"},"query-input":{"@type":"PropertyValueSpecification","valueRequired":true,"valueName":"search_term_string"}}],"inLanguage":"sv-SE"}]}},"_links":{"self":[{"href":"https:\/\/maanomistajainliitto.fi\/sv\/wp-json\/wp\/v2\/pages\/1808"}],"collection":[{"href":"https:\/\/maanomistajainliitto.fi\/sv\/wp-json\/wp\/v2\/pages"}],"about":[{"href":"https:\/\/maanomistajainliitto.fi\/sv\/wp-json\/wp\/v2\/types\/page"}],"author":[{"embeddable":true,"href":"https:\/\/maanomistajainliitto.fi\/sv\/wp-json\/wp\/v2\/users\/1"}],"replies":[{"embeddable":true,"href":"https:\/\/maanomistajainliitto.fi\/sv\/wp-json\/wp\/v2\/comments?post=1808"}],"version-history":[{"count":2,"href":"https:\/\/maanomistajainliitto.fi\/sv\/wp-json\/wp\/v2\/pages\/1808\/revisions"}],"predecessor-version":[{"id":1810,"href":"https:\/\/maanomistajainliitto.fi\/sv\/wp-json\/wp\/v2\/pages\/1808\/revisions\/1810"}],"up":[{"embeddable":true,"href":"https:\/\/maanomistajainliitto.fi\/sv\/wp-json\/wp\/v2\/pages\/1474"}],"wp:featuredmedia":[{"embeddable":true,"href":"https:\/\/maanomistajainliitto.fi\/sv\/wp-json\/wp\/v2\/media\/1450"}],"wp:attachment":[{"href":"https:\/\/maanomistajainliitto.fi\/sv\/wp-json\/wp\/v2\/media?parent=1808"}],"curies":[{"name":"wp","href":"https:\/\/api.w.org\/{rel}","templated":true}]}}