{"id":1811,"date":"2025-03-21T12:52:59","date_gmt":"2025-03-21T10:52:59","guid":{"rendered":"https:\/\/maanomistajainliitto.fi\/publikations\/politiikka\/"},"modified":"2025-04-11T13:00:25","modified_gmt":"2025-04-11T10:00:25","slug":"politik","status":"publish","type":"page","link":"https:\/\/maanomistajainliitto.fi\/sv\/publikations\/politik\/","title":{"rendered":"Politik"},"content":{"rendered":"<section class=\"l-section wpb_row height_auto with_img\"><div class=\"l-section-img\" role=\"img\" data-img-width=\"1373\" data-img-height=\"773\" style=\"background-image: url(https:\/\/maanomistajainliitto.fi\/wp-content\/uploads\/2024\/09\/kuva_lehtikuusi_02.jpg);background-position: top center;background-repeat: no-repeat;\"><\/div><div class=\"l-section-h i-cf\"><div class=\"g-cols vc_row via_flex valign_top type_default stacking_default\"><div class=\"vc_col-sm-12 wpb_column vc_column_container\"><div class=\"vc_column-inner\"><div class=\"wpb_wrapper\"><div class=\"w-separator size_custom\" style=\"height:400px\"><\/div><\/div><\/div><\/div><\/div><\/div><\/section><section class=\"l-section wpb_row height_medium\"><div class=\"l-section-h i-cf\"><div class=\"g-cols vc_row via_flex valign_top type_default stacking_default\"><div class=\"vc_col-sm-12 vc_col-lg-9 vc_col-md-9 wpb_column vc_column_container\"><div class=\"vc_column-inner\"><div class=\"wpb_wrapper\"><h1 class=\"w-text\"><span class=\"w-text-h\"><span class=\"w-text-value\">Politik<\/span><\/span><\/h1><div class=\"wpb_text_column\"><div class=\"wpb_wrapper\"><p>L\u00e4s mera om hur vi bevakar mark\u00e4garnas intressen, och l\u00e4r dig mera om hur du sj\u00e4lv kan fr\u00e4mja mark\u00e4garnas st\u00e4llning.<\/p>\n<\/div><\/div><\/div><\/div><\/div><div class=\"vc_col-sm-3 vc_hidden-sm vc_hidden-xs wpb_column vc_column_container\"><div class=\"vc_column-inner\"><div class=\"wpb_wrapper\"><\/div><\/div><\/div><\/div><\/div><\/section><section class=\"l-section wpb_row us_custom_85faedd6 height_medium color_alternate\"><div class=\"l-section-h i-cf\"><div class=\"g-cols vc_row via_flex valign_top type_default stacking_default\"><div class=\"vc_col-sm-2 vc_hidden-sm vc_hidden-xs wpb_column vc_column_container\"><div class=\"vc_column-inner\"><div class=\"wpb_wrapper\"><\/div><\/div><\/div><div class=\"vc_col-sm-12 vc_col-lg-8 vc_col-md-8 wpb_column vc_column_container\"><div class=\"vc_column-inner\"><div class=\"wpb_wrapper\"><h2 class=\"w-text\"><span class=\"w-text-h\"><span class=\"w-text-value\">Maanomistaja &#8211; Pist\u00e4 p\u00e4\u00e4tt\u00e4j\u00e4si lujille<\/span><\/span><\/h2><div class=\"w-separator size_small\"><\/div><div class=\"w-btn-wrapper align_none\"><a class=\"w-btn us-btn-style_1 icon_atleft\" target=\"_blank\" href=\"https:\/\/maanomistajainliitto.fi\/wp-content\/uploads\/2025\/03\/Maanomistaja-Pista-kuntapaattajasi-lujille.pdf\"><i class=\"fas fa-download\"><\/i><span class=\"w-btn-label\">Lataa PDF<\/span><\/a><\/div><div class=\"w-separator size_small\"><\/div><div class=\"wpb_text_column\"><div class=\"wpb_wrapper\"><p><img loading=\"lazy\" decoding=\"async\" class=\"alignnone wp-image-1752 size-full\" src=\"https:\/\/maanomistajainliitto.fi\/wp-content\/uploads\/2025\/03\/julkaisu-kuva.jpg\" alt=\"\" width=\"241\" height=\"341\" srcset=\"https:\/\/maanomistajainliitto.fi\/wp-content\/uploads\/2025\/03\/julkaisu-kuva.jpg 241w, https:\/\/maanomistajainliitto.fi\/wp-content\/uploads\/2025\/03\/julkaisu-kuva-212x300.jpg 212w\" sizes=\"(max-width: 241px) 100vw, 241px\" \/><\/p>\n<\/div><\/div><\/div><\/div><\/div><div class=\"vc_col-sm-2 vc_hidden-sm vc_hidden-xs wpb_column vc_column_container\"><div class=\"vc_column-inner\"><div class=\"wpb_wrapper\"><\/div><\/div><\/div><\/div><\/div><\/section>\n","protected":false},"excerpt":{"rendered":"PolitikL\u00e4s mera om hur vi bevakar mark\u00e4garnas intressen, och l\u00e4r dig mera om hur du sj\u00e4lv kan fr\u00e4mja mark\u00e4garnas st\u00e4llning. Maanomistaja &#8211; Pist\u00e4 p\u00e4\u00e4tt\u00e4j\u00e4si lujilleLataa PDF","protected":false},"author":1,"featured_media":1449,"parent":1474,"menu_order":0,"comment_status":"closed","ping_status":"closed","template":"","meta":{"footnotes":""},"class_list":["post-1811","page","type-page","status-publish","has-post-thumbnail","hentry"],"yoast_head":"<!-- This site is optimized with the Yoast SEO plugin v25.0 - https:\/\/yoast.com\/wordpress\/plugins\/seo\/ -->\n<title>Politik - Maanomistajain Liitto<\/title>\n<meta name=\"description\" content=\"L\u00e4s mera om hur vi bevakar mark\u00e4garnas intressen, och l\u00e4r dig mera om hur du sj\u00e4lv kan fr\u00e4mja mark\u00e4garnas st\u00e4llning.\" \/>\n<meta name=\"robots\" content=\"index, follow, max-snippet:-1, max-image-preview:large, max-video-preview:-1\" \/>\n<link rel=\"canonical\" href=\"https:\/\/maanomistajainliitto.fi\/sv\/publikations\/politik\/\" \/>\n<meta property=\"og:locale\" content=\"sv_SE\" \/>\n<meta property=\"og:type\" content=\"article\" \/>\n<meta property=\"og:title\" content=\"Politik - Maanomistajain Liitto\" \/>\n<meta property=\"og:description\" content=\"L\u00e4s mera om hur vi bevakar mark\u00e4garnas intressen, och l\u00e4r dig mera om hur du sj\u00e4lv kan fr\u00e4mja mark\u00e4garnas st\u00e4llning.\" \/>\n<meta property=\"og:url\" content=\"https:\/\/maanomistajainliitto.fi\/sv\/publikations\/politik\/\" \/>\n<meta property=\"og:site_name\" content=\"Maanomistajain Liitto\" \/>\n<meta property=\"article:modified_time\" content=\"2025-04-11T10:00:25+00:00\" \/>\n<meta property=\"og:image\" content=\"https:\/\/maanomistajainliitto.fi\/wp-content\/uploads\/2024\/09\/kuva_lehtikuusi_02.jpg\" \/>\n\t<meta property=\"og:image:width\" content=\"1373\" \/>\n\t<meta property=\"og:image:height\" content=\"773\" \/>\n\t<meta property=\"og:image:type\" content=\"image\/jpeg\" \/>\n<meta name=\"twitter:card\" content=\"summary_large_image\" \/>\n<meta name=\"twitter:label1\" content=\"Ber\u00e4knad l\u00e4stid\" \/>\n\t<meta name=\"twitter:data1\" content=\"1 minut\" \/>\n<script type=\"application\/ld+json\" class=\"yoast-schema-graph\">{\"@context\":\"https:\/\/schema.org\",\"@graph\":[{\"@type\":\"WebPage\",\"@id\":\"https:\/\/maanomistajainliitto.fi\/sv\/publikations\/politik\/\",\"url\":\"https:\/\/maanomistajainliitto.fi\/sv\/publikations\/politik\/\",\"name\":\"Politik - Maanomistajain Liitto\",\"isPartOf\":{\"@id\":\"https:\/\/maanomistajainliitto.fi\/sv\/#website\"},\"primaryImageOfPage\":{\"@id\":\"https:\/\/maanomistajainliitto.fi\/sv\/publikations\/politik\/#primaryimage\"},\"image\":{\"@id\":\"https:\/\/maanomistajainliitto.fi\/sv\/publikations\/politik\/#primaryimage\"},\"thumbnailUrl\":\"https:\/\/maanomistajainliitto.fi\/wp-content\/uploads\/2024\/09\/kuva_lehtikuusi_02.jpg\",\"datePublished\":\"2025-03-21T10:52:59+00:00\",\"dateModified\":\"2025-04-11T10:00:25+00:00\",\"description\":\"L\u00e4s mera om hur vi bevakar mark\u00e4garnas intressen, och l\u00e4r dig mera om hur du sj\u00e4lv kan fr\u00e4mja mark\u00e4garnas st\u00e4llning.\",\"breadcrumb\":{\"@id\":\"https:\/\/maanomistajainliitto.fi\/sv\/publikations\/politik\/#breadcrumb\"},\"inLanguage\":\"sv-SE\",\"potentialAction\":[{\"@type\":\"ReadAction\",\"target\":[\"https:\/\/maanomistajainliitto.fi\/sv\/publikations\/politik\/\"]}]},{\"@type\":\"ImageObject\",\"inLanguage\":\"sv-SE\",\"@id\":\"https:\/\/maanomistajainliitto.fi\/sv\/publikations\/politik\/#primaryimage\",\"url\":\"https:\/\/maanomistajainliitto.fi\/wp-content\/uploads\/2024\/09\/kuva_lehtikuusi_02.jpg\",\"contentUrl\":\"https:\/\/maanomistajainliitto.fi\/wp-content\/uploads\/2024\/09\/kuva_lehtikuusi_02.jpg\",\"width\":1373,\"height\":773},{\"@type\":\"BreadcrumbList\",\"@id\":\"https:\/\/maanomistajainliitto.fi\/sv\/publikations\/politik\/#breadcrumb\",\"itemListElement\":[{\"@type\":\"ListItem\",\"position\":1,\"name\":\"Etusivu\",\"item\":\"https:\/\/maanomistajainliitto.fi\/sv\/\"},{\"@type\":\"ListItem\",\"position\":2,\"name\":\"Publikationer\",\"item\":\"https:\/\/maanomistajainliitto.fi\/sv\/publikations\/\"},{\"@type\":\"ListItem\",\"position\":3,\"name\":\"Politik\"}]},{\"@type\":\"WebSite\",\"@id\":\"https:\/\/maanomistajainliitto.fi\/sv\/#website\",\"url\":\"https:\/\/maanomistajainliitto.fi\/sv\/\",\"name\":\"Maanomistajain Liitto\",\"description\":\"Maanomistajien edunvalvonta- ja neuvontaj&auml;rjest&ouml;\",\"potentialAction\":[{\"@type\":\"SearchAction\",\"target\":{\"@type\":\"EntryPoint\",\"urlTemplate\":\"https:\/\/maanomistajainliitto.fi\/sv\/?s={search_term_string}\"},\"query-input\":{\"@type\":\"PropertyValueSpecification\",\"valueRequired\":true,\"valueName\":\"search_term_string\"}}],\"inLanguage\":\"sv-SE\"}]}<\/script>\n<!-- \/ Yoast SEO plugin. -->","yoast_head_json":{"title":"Politik - Maanomistajain Liitto","description":"L\u00e4s mera om hur vi bevakar mark\u00e4garnas intressen, och l\u00e4r dig mera om hur du sj\u00e4lv kan fr\u00e4mja mark\u00e4garnas st\u00e4llning.","robots":{"index":"index","follow":"follow","max-snippet":"max-snippet:-1","max-image-preview":"max-image-preview:large","max-video-preview":"max-video-preview:-1"},"canonical":"https:\/\/maanomistajainliitto.fi\/sv\/publikations\/politik\/","og_locale":"sv_SE","og_type":"article","og_title":"Politik - Maanomistajain Liitto","og_description":"L\u00e4s mera om hur vi bevakar mark\u00e4garnas intressen, och l\u00e4r dig mera om hur du sj\u00e4lv kan fr\u00e4mja mark\u00e4garnas st\u00e4llning.","og_url":"https:\/\/maanomistajainliitto.fi\/sv\/publikations\/politik\/","og_site_name":"Maanomistajain Liitto","article_modified_time":"2025-04-11T10:00:25+00:00","og_image":[{"width":1373,"height":773,"url":"https:\/\/maanomistajainliitto.fi\/wp-content\/uploads\/2024\/09\/kuva_lehtikuusi_02.jpg","type":"image\/jpeg"}],"twitter_card":"summary_large_image","twitter_misc":{"Ber\u00e4knad l\u00e4stid":"1 minut"},"schema":{"@context":"https:\/\/schema.org","@graph":[{"@type":"WebPage","@id":"https:\/\/maanomistajainliitto.fi\/sv\/publikations\/politik\/","url":"https:\/\/maanomistajainliitto.fi\/sv\/publikations\/politik\/","name":"Politik - Maanomistajain Liitto","isPartOf":{"@id":"https:\/\/maanomistajainliitto.fi\/sv\/#website"},"primaryImageOfPage":{"@id":"https:\/\/maanomistajainliitto.fi\/sv\/publikations\/politik\/#primaryimage"},"image":{"@id":"https:\/\/maanomistajainliitto.fi\/sv\/publikations\/politik\/#primaryimage"},"thumbnailUrl":"https:\/\/maanomistajainliitto.fi\/wp-content\/uploads\/2024\/09\/kuva_lehtikuusi_02.jpg","datePublished":"2025-03-21T10:52:59+00:00","dateModified":"2025-04-11T10:00:25+00:00","description":"L\u00e4s mera om hur vi bevakar mark\u00e4garnas intressen, och l\u00e4r dig mera om hur du sj\u00e4lv kan fr\u00e4mja mark\u00e4garnas st\u00e4llning.","breadcrumb":{"@id":"https:\/\/maanomistajainliitto.fi\/sv\/publikations\/politik\/#breadcrumb"},"inLanguage":"sv-SE","potentialAction":[{"@type":"ReadAction","target":["https:\/\/maanomistajainliitto.fi\/sv\/publikations\/politik\/"]}]},{"@type":"ImageObject","inLanguage":"sv-SE","@id":"https:\/\/maanomistajainliitto.fi\/sv\/publikations\/politik\/#primaryimage","url":"https:\/\/maanomistajainliitto.fi\/wp-content\/uploads\/2024\/09\/kuva_lehtikuusi_02.jpg","contentUrl":"https:\/\/maanomistajainliitto.fi\/wp-content\/uploads\/2024\/09\/kuva_lehtikuusi_02.jpg","width":1373,"height":773},{"@type":"BreadcrumbList","@id":"https:\/\/maanomistajainliitto.fi\/sv\/publikations\/politik\/#breadcrumb","itemListElement":[{"@type":"ListItem","position":1,"name":"Etusivu","item":"https:\/\/maanomistajainliitto.fi\/sv\/"},{"@type":"ListItem","position":2,"name":"Publikationer","item":"https:\/\/maanomistajainliitto.fi\/sv\/publikations\/"},{"@type":"ListItem","position":3,"name":"Politik"}]},{"@type":"WebSite","@id":"https:\/\/maanomistajainliitto.fi\/sv\/#website","url":"https:\/\/maanomistajainliitto.fi\/sv\/","name":"Maanomistajain Liitto","description":"Maanomistajien edunvalvonta- ja neuvontaj&auml;rjest&ouml;","potentialAction":[{"@type":"SearchAction","target":{"@type":"EntryPoint","urlTemplate":"https:\/\/maanomistajainliitto.fi\/sv\/?s={search_term_string}"},"query-input":{"@type":"PropertyValueSpecification","valueRequired":true,"valueName":"search_term_string"}}],"inLanguage":"sv-SE"}]}},"_links":{"self":[{"href":"https:\/\/maanomistajainliitto.fi\/sv\/wp-json\/wp\/v2\/pages\/1811"}],"collection":[{"href":"https:\/\/maanomistajainliitto.fi\/sv\/wp-json\/wp\/v2\/pages"}],"about":[{"href":"https:\/\/maanomistajainliitto.fi\/sv\/wp-json\/wp\/v2\/types\/page"}],"author":[{"embeddable":true,"href":"https:\/\/maanomistajainliitto.fi\/sv\/wp-json\/wp\/v2\/users\/1"}],"replies":[{"embeddable":true,"href":"https:\/\/maanomistajainliitto.fi\/sv\/wp-json\/wp\/v2\/comments?post=1811"}],"version-history":[{"count":2,"href":"https:\/\/maanomistajainliitto.fi\/sv\/wp-json\/wp\/v2\/pages\/1811\/revisions"}],"predecessor-version":[{"id":1813,"href":"https:\/\/maanomistajainliitto.fi\/sv\/wp-json\/wp\/v2\/pages\/1811\/revisions\/1813"}],"up":[{"embeddable":true,"href":"https:\/\/maanomistajainliitto.fi\/sv\/wp-json\/wp\/v2\/pages\/1474"}],"wp:featuredmedia":[{"embeddable":true,"href":"https:\/\/maanomistajainliitto.fi\/sv\/wp-json\/wp\/v2\/media\/1449"}],"wp:attachment":[{"href":"https:\/\/maanomistajainliitto.fi\/sv\/wp-json\/wp\/v2\/media?parent=1811"}],"curies":[{"name":"wp","href":"https:\/\/api.w.org\/{rel}","templated":true}]}}