{"id":1814,"date":"2025-03-21T12:57:15","date_gmt":"2025-03-21T10:57:15","guid":{"rendered":"https:\/\/maanomistajainliitto.fi\/publikations\/oppaat\/"},"modified":"2025-04-11T13:02:36","modified_gmt":"2025-04-11T10:02:36","slug":"handbocker","status":"publish","type":"page","link":"https:\/\/maanomistajainliitto.fi\/sv\/publikations\/handbocker\/","title":{"rendered":"Handb\u00f6cker"},"content":{"rendered":"<section class=\"l-section wpb_row height_auto with_img\"><div class=\"l-section-img\" role=\"img\" data-img-width=\"1373\" data-img-height=\"773\" style=\"background-image: url(https:\/\/maanomistajainliitto.fi\/wp-content\/uploads\/2024\/08\/kuva_sahkolinja_03.jpg);background-position: top center;background-repeat: no-repeat;\"><\/div><div class=\"l-section-h i-cf\"><div class=\"g-cols vc_row via_flex valign_top type_default stacking_default\"><div class=\"vc_col-sm-12 wpb_column vc_column_container\"><div class=\"vc_column-inner\"><div class=\"wpb_wrapper\"><div class=\"w-separator size_custom\" style=\"height:400px\"><\/div><\/div><\/div><\/div><\/div><\/div><\/section><section class=\"l-section wpb_row height_medium\"><div class=\"l-section-h i-cf\"><div class=\"g-cols vc_row via_flex valign_top type_default stacking_default\"><div class=\"vc_col-sm-12 vc_col-lg-9 vc_col-md-9 wpb_column vc_column_container\"><div class=\"vc_column-inner\"><div class=\"wpb_wrapper\"><h1 class=\"w-text\"><span class=\"w-text-h\"><span class=\"w-text-value\">Handb\u00f6cker<\/span><\/span><\/h1><div class=\"wpb_text_column\"><div class=\"wpb_wrapper\"><p>F\u00f6r tillf\u00e4llet erbjuder vi handb\u00f6cker g\u00e4llande telemaster och inl\u00f6sning av kraftledningar.<\/p>\n<p>Handb\u00f6ckerna finns endast tillg\u00e4ngliga f\u00f6r v\u00e5ra medlemmar. <span>Registrera dig som medlem via den h\u00e4r l\u00e4nken<\/span>.<\/p>\n<\/div><\/div><div class=\"w-separator size_small\"><\/div><div class=\"w-btn-wrapper align_left\"><a class=\"w-btn us-btn-style_1\" href=\"https:\/\/fork.flomembers.com\/maanomistajain-liitto\/members\/application?_lang=fi\"><span class=\"w-btn-label\">Registerera<\/span><\/a><\/div><\/div><\/div><\/div><div class=\"vc_col-sm-3 vc_hidden-sm vc_hidden-xs wpb_column vc_column_container\"><div class=\"vc_column-inner\"><div class=\"wpb_wrapper\"><\/div><\/div><\/div><\/div><\/div><\/section><section class=\"l-section wpb_row us_custom_85faedd6 height_medium color_alternate\"><div class=\"l-section-h i-cf\"><div class=\"g-cols vc_row via_flex valign_top type_default stacking_default\"><div class=\"vc_col-sm-2 vc_hidden-sm vc_hidden-xs wpb_column vc_column_container\"><div class=\"vc_column-inner\"><div class=\"wpb_wrapper\"><\/div><\/div><\/div><div class=\"vc_col-sm-12 vc_col-lg-8 vc_col-md-8 wpb_column vc_column_container\"><div class=\"vc_column-inner\"><div class=\"wpb_wrapper\"><h2 class=\"w-text\"><span class=\"w-text-h\"><span class=\"w-text-value\">Du kan best\u00e4lla handb\u00f6ckerna till din e-post via den h\u00e4r blanketten:<\/span><\/span><\/h2>\n<div class=\"wpcf7 no-js\" id=\"wpcf7-f1852-o1\" lang=\"sv-SE\" dir=\"ltr\" data-wpcf7-id=\"1852\">\n<div class=\"screen-reader-response\"><p role=\"status\" aria-live=\"polite\" aria-atomic=\"true\"><\/p> <ul><\/ul><\/div>\n<form action=\"\/sv\/wp-json\/wp\/v2\/pages\/1814#wpcf7-f1852-o1\" method=\"post\" class=\"wpcf7-form init\" aria-label=\"Kontaktformul\u00e4r\" novalidate=\"novalidate\" data-status=\"init\">\n<div style=\"display: none;\">\n<input type=\"hidden\" name=\"_wpcf7\" value=\"1852\" \/>\n<input type=\"hidden\" name=\"_wpcf7_version\" value=\"6.0.6\" \/>\n<input type=\"hidden\" name=\"_wpcf7_locale\" value=\"sv_SE\" \/>\n<input type=\"hidden\" name=\"_wpcf7_unit_tag\" value=\"wpcf7-f1852-o1\" \/>\n<input type=\"hidden\" name=\"_wpcf7_container_post\" value=\"0\" \/>\n<input type=\"hidden\" name=\"_wpcf7_posted_data_hash\" value=\"\" \/>\n<\/div>\n<p><label><span class=\"wpcf7-form-control-wrap\" data-name=\"Nimi\"><input size=\"40\" maxlength=\"400\" class=\"wpcf7-form-control wpcf7-text wpcf7-validates-as-required\" aria-required=\"true\" aria-invalid=\"false\" placeholder=\"Namn\" value=\"\" type=\"text\" name=\"Nimi\" \/><\/span><\/label>\n<\/p>\n<p><label><span class=\"wpcf7-form-control-wrap\" data-name=\"Katuosoite\"><input size=\"40\" maxlength=\"400\" class=\"wpcf7-form-control wpcf7-text wpcf7-validates-as-required\" aria-required=\"true\" aria-invalid=\"false\" placeholder=\"Adress\" value=\"\" type=\"text\" name=\"Katuosoite\" \/><\/span><\/label>\n<\/p>\n<p><label><span class=\"wpcf7-form-control-wrap\" data-name=\"Postinumero\"><input size=\"40\" maxlength=\"400\" class=\"wpcf7-form-control wpcf7-text wpcf7-validates-as-required\" aria-required=\"true\" aria-invalid=\"false\" placeholder=\"Postnummer\" value=\"\" type=\"text\" name=\"Postinumero\" \/><\/span><\/label>\n<\/p>\n<p><label><span class=\"wpcf7-form-control-wrap\" data-name=\"Postitoimipaikka\"><input size=\"40\" maxlength=\"400\" class=\"wpcf7-form-control wpcf7-text wpcf7-validates-as-required\" aria-required=\"true\" aria-invalid=\"false\" placeholder=\"Ort\" value=\"\" type=\"text\" name=\"Postitoimipaikka\" \/><\/span><\/label>\n<\/p>\n<p><label><span class=\"wpcf7-form-control-wrap\" data-name=\"Sahkoposti\"><input size=\"40\" maxlength=\"400\" class=\"wpcf7-form-control wpcf7-email wpcf7-validates-as-required wpcf7-text wpcf7-validates-as-email\" aria-required=\"true\" aria-invalid=\"false\" placeholder=\"E-post\" value=\"\" type=\"email\" name=\"Sahkoposti\" \/><\/span><\/label>\n<\/p>\n<p><label><span class=\"wpcf7-form-control-wrap\" data-name=\"puhelin\"><input size=\"40\" maxlength=\"400\" class=\"wpcf7-form-control wpcf7-tel wpcf7-validates-as-required wpcf7-text wpcf7-validates-as-tel\" aria-required=\"true\" aria-invalid=\"false\" placeholder=\"Telefon\" value=\"\" type=\"tel\" name=\"puhelin\" \/><\/span><\/label>\n<\/p>\n<p>Jag vill best\u00e4lla en handbok om inl\u00f6sning av\n<\/p>\n<p><span class=\"wpcf7-form-control-wrap\" data-name=\"opas\"><span class=\"wpcf7-form-control wpcf7-radio\"><span class=\"wpcf7-list-item first\"><label><input type=\"radio\" name=\"opas\" value=\"telemaster\" checked=\"checked\" \/><span class=\"wpcf7-list-item-label\">telemaster<\/span><\/label><\/span><span class=\"wpcf7-list-item last\"><label><input type=\"radio\" name=\"opas\" value=\"kraftledningar\" \/><span class=\"wpcf7-list-item-label\">kraftledningar<\/span><\/label><\/span><\/span><\/span>\n<\/p>\n<p><input class=\"wpcf7-form-control wpcf7-submit has-spinner\" type=\"submit\" value=\"Skicka\" \/>\n<\/p><div class=\"wpcf7-response-output\" aria-hidden=\"true\"><\/div>\n<\/form>\n<\/div>\n<\/div><\/div><\/div><div class=\"vc_col-sm-2 vc_hidden-sm vc_hidden-xs wpb_column vc_column_container\"><div class=\"vc_column-inner\"><div class=\"wpb_wrapper\"><\/div><\/div><\/div><\/div><\/div><\/section>\n","protected":false},"excerpt":{"rendered":"Handb\u00f6ckerF\u00f6r tillf\u00e4llet erbjuder vi handb\u00f6cker g\u00e4llande telemaster och inl\u00f6sning av kraftledningar. Handb\u00f6ckerna finns endast tillg\u00e4ngliga f\u00f6r v\u00e5ra medlemmar. Registrera dig som medlem via den h\u00e4r l\u00e4nken. RegistereraDu kan best\u00e4lla handb\u00f6ckerna till din e-post via den h\u00e4r blanketten: Jag vill best\u00e4lla en handbok om inl\u00f6sning av telemasterkraftledningar","protected":false},"author":1,"featured_media":1439,"parent":1474,"menu_order":0,"comment_status":"closed","ping_status":"closed","template":"","meta":{"footnotes":""},"class_list":["post-1814","page","type-page","status-publish","has-post-thumbnail","hentry"],"yoast_head":"<!-- This site is optimized with the Yoast SEO plugin v25.0 - https:\/\/yoast.com\/wordpress\/plugins\/seo\/ -->\n<title>Handb\u00f6cker - Maanomistajain Liitto<\/title>\n<meta name=\"description\" content=\"F\u00f6r tillf\u00e4llet erbjuder vi handb\u00f6cker g\u00e4llande telemaster och inl\u00f6sning av kraftledningar.\" \/>\n<meta name=\"robots\" content=\"index, follow, max-snippet:-1, max-image-preview:large, max-video-preview:-1\" \/>\n<link rel=\"canonical\" href=\"https:\/\/maanomistajainliitto.fi\/sv\/publikations\/handbocker\/\" \/>\n<meta property=\"og:locale\" content=\"sv_SE\" \/>\n<meta property=\"og:type\" content=\"article\" \/>\n<meta property=\"og:title\" content=\"Handb\u00f6cker - Maanomistajain Liitto\" \/>\n<meta property=\"og:description\" content=\"F\u00f6r tillf\u00e4llet erbjuder vi handb\u00f6cker g\u00e4llande telemaster och inl\u00f6sning av kraftledningar.\" \/>\n<meta property=\"og:url\" content=\"https:\/\/maanomistajainliitto.fi\/sv\/publikations\/handbocker\/\" \/>\n<meta property=\"og:site_name\" content=\"Maanomistajain Liitto\" \/>\n<meta property=\"article:modified_time\" content=\"2025-04-11T10:02:36+00:00\" \/>\n<meta property=\"og:image\" content=\"https:\/\/maanomistajainliitto.fi\/wp-content\/uploads\/2024\/08\/kuva_sahkolinja_03.jpg\" \/>\n\t<meta property=\"og:image:width\" content=\"1373\" \/>\n\t<meta property=\"og:image:height\" content=\"773\" \/>\n\t<meta property=\"og:image:type\" content=\"image\/jpeg\" \/>\n<meta name=\"twitter:card\" content=\"summary_large_image\" \/>\n<meta name=\"twitter:label1\" content=\"Ber\u00e4knad l\u00e4stid\" \/>\n\t<meta name=\"twitter:data1\" content=\"1 minut\" \/>\n<script type=\"application\/ld+json\" class=\"yoast-schema-graph\">{\"@context\":\"https:\/\/schema.org\",\"@graph\":[{\"@type\":\"WebPage\",\"@id\":\"https:\/\/maanomistajainliitto.fi\/sv\/publikations\/handbocker\/\",\"url\":\"https:\/\/maanomistajainliitto.fi\/sv\/publikations\/handbocker\/\",\"name\":\"Handb\u00f6cker - Maanomistajain Liitto\",\"isPartOf\":{\"@id\":\"https:\/\/maanomistajainliitto.fi\/sv\/#website\"},\"primaryImageOfPage\":{\"@id\":\"https:\/\/maanomistajainliitto.fi\/sv\/publikations\/handbocker\/#primaryimage\"},\"image\":{\"@id\":\"https:\/\/maanomistajainliitto.fi\/sv\/publikations\/handbocker\/#primaryimage\"},\"thumbnailUrl\":\"https:\/\/maanomistajainliitto.fi\/wp-content\/uploads\/2024\/08\/kuva_sahkolinja_03.jpg\",\"datePublished\":\"2025-03-21T10:57:15+00:00\",\"dateModified\":\"2025-04-11T10:02:36+00:00\",\"description\":\"F\u00f6r tillf\u00e4llet erbjuder vi handb\u00f6cker g\u00e4llande telemaster och inl\u00f6sning av kraftledningar.\",\"breadcrumb\":{\"@id\":\"https:\/\/maanomistajainliitto.fi\/sv\/publikations\/handbocker\/#breadcrumb\"},\"inLanguage\":\"sv-SE\",\"potentialAction\":[{\"@type\":\"ReadAction\",\"target\":[\"https:\/\/maanomistajainliitto.fi\/sv\/publikations\/handbocker\/\"]}]},{\"@type\":\"ImageObject\",\"inLanguage\":\"sv-SE\",\"@id\":\"https:\/\/maanomistajainliitto.fi\/sv\/publikations\/handbocker\/#primaryimage\",\"url\":\"https:\/\/maanomistajainliitto.fi\/wp-content\/uploads\/2024\/08\/kuva_sahkolinja_03.jpg\",\"contentUrl\":\"https:\/\/maanomistajainliitto.fi\/wp-content\/uploads\/2024\/08\/kuva_sahkolinja_03.jpg\",\"width\":1373,\"height\":773},{\"@type\":\"BreadcrumbList\",\"@id\":\"https:\/\/maanomistajainliitto.fi\/sv\/publikations\/handbocker\/#breadcrumb\",\"itemListElement\":[{\"@type\":\"ListItem\",\"position\":1,\"name\":\"Etusivu\",\"item\":\"https:\/\/maanomistajainliitto.fi\/sv\/\"},{\"@type\":\"ListItem\",\"position\":2,\"name\":\"Publikationer\",\"item\":\"https:\/\/maanomistajainliitto.fi\/sv\/publikations\/\"},{\"@type\":\"ListItem\",\"position\":3,\"name\":\"Handb\u00f6cker\"}]},{\"@type\":\"WebSite\",\"@id\":\"https:\/\/maanomistajainliitto.fi\/sv\/#website\",\"url\":\"https:\/\/maanomistajainliitto.fi\/sv\/\",\"name\":\"Maanomistajain Liitto\",\"description\":\"Maanomistajien edunvalvonta- ja neuvontaj&auml;rjest&ouml;\",\"potentialAction\":[{\"@type\":\"SearchAction\",\"target\":{\"@type\":\"EntryPoint\",\"urlTemplate\":\"https:\/\/maanomistajainliitto.fi\/sv\/?s={search_term_string}\"},\"query-input\":{\"@type\":\"PropertyValueSpecification\",\"valueRequired\":true,\"valueName\":\"search_term_string\"}}],\"inLanguage\":\"sv-SE\"}]}<\/script>\n<!-- \/ Yoast SEO plugin. -->","yoast_head_json":{"title":"Handb\u00f6cker - Maanomistajain Liitto","description":"F\u00f6r tillf\u00e4llet erbjuder vi handb\u00f6cker g\u00e4llande telemaster och inl\u00f6sning av kraftledningar.","robots":{"index":"index","follow":"follow","max-snippet":"max-snippet:-1","max-image-preview":"max-image-preview:large","max-video-preview":"max-video-preview:-1"},"canonical":"https:\/\/maanomistajainliitto.fi\/sv\/publikations\/handbocker\/","og_locale":"sv_SE","og_type":"article","og_title":"Handb\u00f6cker - Maanomistajain Liitto","og_description":"F\u00f6r tillf\u00e4llet erbjuder vi handb\u00f6cker g\u00e4llande telemaster och inl\u00f6sning av kraftledningar.","og_url":"https:\/\/maanomistajainliitto.fi\/sv\/publikations\/handbocker\/","og_site_name":"Maanomistajain Liitto","article_modified_time":"2025-04-11T10:02:36+00:00","og_image":[{"width":1373,"height":773,"url":"https:\/\/maanomistajainliitto.fi\/wp-content\/uploads\/2024\/08\/kuva_sahkolinja_03.jpg","type":"image\/jpeg"}],"twitter_card":"summary_large_image","twitter_misc":{"Ber\u00e4knad l\u00e4stid":"1 minut"},"schema":{"@context":"https:\/\/schema.org","@graph":[{"@type":"WebPage","@id":"https:\/\/maanomistajainliitto.fi\/sv\/publikations\/handbocker\/","url":"https:\/\/maanomistajainliitto.fi\/sv\/publikations\/handbocker\/","name":"Handb\u00f6cker - Maanomistajain Liitto","isPartOf":{"@id":"https:\/\/maanomistajainliitto.fi\/sv\/#website"},"primaryImageOfPage":{"@id":"https:\/\/maanomistajainliitto.fi\/sv\/publikations\/handbocker\/#primaryimage"},"image":{"@id":"https:\/\/maanomistajainliitto.fi\/sv\/publikations\/handbocker\/#primaryimage"},"thumbnailUrl":"https:\/\/maanomistajainliitto.fi\/wp-content\/uploads\/2024\/08\/kuva_sahkolinja_03.jpg","datePublished":"2025-03-21T10:57:15+00:00","dateModified":"2025-04-11T10:02:36+00:00","description":"F\u00f6r tillf\u00e4llet erbjuder vi handb\u00f6cker g\u00e4llande telemaster och inl\u00f6sning av kraftledningar.","breadcrumb":{"@id":"https:\/\/maanomistajainliitto.fi\/sv\/publikations\/handbocker\/#breadcrumb"},"inLanguage":"sv-SE","potentialAction":[{"@type":"ReadAction","target":["https:\/\/maanomistajainliitto.fi\/sv\/publikations\/handbocker\/"]}]},{"@type":"ImageObject","inLanguage":"sv-SE","@id":"https:\/\/maanomistajainliitto.fi\/sv\/publikations\/handbocker\/#primaryimage","url":"https:\/\/maanomistajainliitto.fi\/wp-content\/uploads\/2024\/08\/kuva_sahkolinja_03.jpg","contentUrl":"https:\/\/maanomistajainliitto.fi\/wp-content\/uploads\/2024\/08\/kuva_sahkolinja_03.jpg","width":1373,"height":773},{"@type":"BreadcrumbList","@id":"https:\/\/maanomistajainliitto.fi\/sv\/publikations\/handbocker\/#breadcrumb","itemListElement":[{"@type":"ListItem","position":1,"name":"Etusivu","item":"https:\/\/maanomistajainliitto.fi\/sv\/"},{"@type":"ListItem","position":2,"name":"Publikationer","item":"https:\/\/maanomistajainliitto.fi\/sv\/publikations\/"},{"@type":"ListItem","position":3,"name":"Handb\u00f6cker"}]},{"@type":"WebSite","@id":"https:\/\/maanomistajainliitto.fi\/sv\/#website","url":"https:\/\/maanomistajainliitto.fi\/sv\/","name":"Maanomistajain Liitto","description":"Maanomistajien edunvalvonta- ja neuvontaj&auml;rjest&ouml;","potentialAction":[{"@type":"SearchAction","target":{"@type":"EntryPoint","urlTemplate":"https:\/\/maanomistajainliitto.fi\/sv\/?s={search_term_string}"},"query-input":{"@type":"PropertyValueSpecification","valueRequired":true,"valueName":"search_term_string"}}],"inLanguage":"sv-SE"}]}},"_links":{"self":[{"href":"https:\/\/maanomistajainliitto.fi\/sv\/wp-json\/wp\/v2\/pages\/1814"}],"collection":[{"href":"https:\/\/maanomistajainliitto.fi\/sv\/wp-json\/wp\/v2\/pages"}],"about":[{"href":"https:\/\/maanomistajainliitto.fi\/sv\/wp-json\/wp\/v2\/types\/page"}],"author":[{"embeddable":true,"href":"https:\/\/maanomistajainliitto.fi\/sv\/wp-json\/wp\/v2\/users\/1"}],"replies":[{"embeddable":true,"href":"https:\/\/maanomistajainliitto.fi\/sv\/wp-json\/wp\/v2\/comments?post=1814"}],"version-history":[{"count":2,"href":"https:\/\/maanomistajainliitto.fi\/sv\/wp-json\/wp\/v2\/pages\/1814\/revisions"}],"predecessor-version":[{"id":1815,"href":"https:\/\/maanomistajainliitto.fi\/sv\/wp-json\/wp\/v2\/pages\/1814\/revisions\/1815"}],"up":[{"embeddable":true,"href":"https:\/\/maanomistajainliitto.fi\/sv\/wp-json\/wp\/v2\/pages\/1474"}],"wp:featuredmedia":[{"embeddable":true,"href":"https:\/\/maanomistajainliitto.fi\/sv\/wp-json\/wp\/v2\/media\/1439"}],"wp:attachment":[{"href":"https:\/\/maanomistajainliitto.fi\/sv\/wp-json\/wp\/v2\/media?parent=1814"}],"curies":[{"name":"wp","href":"https:\/\/api.w.org\/{rel}","templated":true}]}}